{"id":11,"date":"2024-06-12T16:34:17","date_gmt":"2024-06-12T16:34:17","guid":{"rendered":"https:\/\/itv-app-rutaorbitalsur-prd002.azurewebsites.net\/?page_id=11"},"modified":"2025-02-25T14:06:17","modified_gmt":"2025-02-25T14:06:17","slug":"contacto","status":"publish","type":"page","link":"https:\/\/rutaorbitalsur.cl\/en\/contacto\/","title":{"rendered":"Contacto"},"content":{"rendered":"<div data-elementor-type=\"wp-page\" data-elementor-id=\"11\" class=\"elementor elementor-11\" data-elementor-post-type=\"page\">\n\t\t\t\t<div class=\"elementor-element elementor-element-1d74913 e-con-full e-flex e-con e-parent\" data-id=\"1d74913\" data-element_type=\"container\">\n\t\t\t\t<div class=\"elementor-element elementor-element-0747909 elementor-widget__width-initial elementor-widget elementor-widget-heading\" data-id=\"0747909\" data-element_type=\"widget\" data-widget_type=\"heading.default\">\n\t\t\t\t<div class=\"elementor-widget-container\">\n\t\t\t<h2 class=\"elementor-heading-title elementor-size-default\">CONTACT US<\/h2>\t\t<\/div>\n\t\t\t\t<\/div>\n\t\t\t\t<div class=\"elementor-element elementor-element-d8d5478 elementor-widget elementor-widget-image\" data-id=\"d8d5478\" data-element_type=\"widget\" data-widget_type=\"image.default\">\n\t\t\t\t<div class=\"elementor-widget-container\">\n\t\t\t\t\t\t\t\t\t\t\t\t\t<img fetchpriority=\"high\" decoding=\"async\" width=\"2732\" height=\"962\" src=\"\/wp-content\/uploads\/2024\/07\/opti-contactanos@2x-1.png\" class=\"attachment-full size-full wp-image-1319\" alt=\"\" srcset=\"\/wp-content\/uploads\/2024\/07\/opti-contactanos@2x-1.png 2732w, \/wp-content\/uploads\/2024\/07\/opti-contactanos@2x-1-300x106.png 300w, \/wp-content\/uploads\/2024\/07\/opti-contactanos@2x-1-1024x361.png 1024w, \/wp-content\/uploads\/2024\/07\/opti-contactanos@2x-1-768x270.png 768w, \/wp-content\/uploads\/2024\/07\/opti-contactanos@2x-1-1536x541.png 1536w, \/wp-content\/uploads\/2024\/07\/opti-contactanos@2x-1-2048x721.png 2048w, \/wp-content\/uploads\/2024\/07\/opti-contactanos@2x-1-18x6.png 18w\" sizes=\"(max-width: 2732px) 100vw, 2732px\" \/>\t\t\t\t\t\t\t\t\t\t\t\t\t<\/div>\n\t\t\t\t<\/div>\n\t\t\t\t<\/div>\n\t\t<div class=\"elementor-element elementor-element-6facaa4 e-flex e-con-boxed e-con e-parent\" data-id=\"6facaa4\" data-element_type=\"container\">\n\t\t\t\t\t<div class=\"e-con-inner\">\n\t\t<div class=\"elementor-element elementor-element-1bbc3f1 e-flex e-con-boxed e-con e-child\" data-id=\"1bbc3f1\" data-element_type=\"container\" data-settings=\"{&quot;position&quot;:&quot;absolute&quot;}\">\n\t\t\t\t\t<div class=\"e-con-inner\">\n\t\t<div class=\"elementor-element elementor-element-a7150cf e-flex e-con-boxed e-con e-child\" data-id=\"a7150cf\" data-element_type=\"container\" data-settings=\"{&quot;background_background&quot;:&quot;classic&quot;}\">\n\t\t\t\t\t<div class=\"e-con-inner\">\n\t\t<div class=\"elementor-element elementor-element-2384300 e-con-full e-flex e-con e-child\" data-id=\"2384300\" data-element_type=\"container\">\n\t\t\t\t<div class=\"elementor-element elementor-element-354b454 elementor-widget elementor-widget-heading\" data-id=\"354b454\" data-element_type=\"widget\" data-widget_type=\"heading.default\">\n\t\t\t\t<div class=\"elementor-widget-container\">\n\t\t\t<h2 class=\"elementor-heading-title elementor-size-default\">CONTACT US<\/h2>\t\t<\/div>\n\t\t\t\t<\/div>\n\t\t<div class=\"elementor-element elementor-element-94d3fa6 e-con-full e-flex e-con e-child\" data-id=\"94d3fa6\" data-element_type=\"container\">\n\t\t\t\t<div class=\"elementor-element elementor-element-24937cb elementor-widget elementor-widget-heading\" data-id=\"24937cb\" data-element_type=\"widget\" data-widget_type=\"heading.default\">\n\t\t\t\t<div class=\"elementor-widget-container\">\n\t\t\t<h2 class=\"elementor-heading-title elementor-size-default\">Address<\/h2>\t\t<\/div>\n\t\t\t\t<\/div>\n\t\t\t\t<div class=\"elementor-element elementor-element-5511a05 elementor-widget elementor-widget-text-editor\" data-id=\"5511a05\" data-element_type=\"widget\" data-widget_type=\"text-editor.default\">\n\t\t\t\t<div class=\"elementor-widget-container\">\n\t\t\t\t\t\t\t<p><span data-teams=\"true\"><span class=\"ui-provider a b c d e f g h i j k l m n o p q r s t u v w x y z ab ac ae af ag ah ai aj ak\" dir=\"ltr\">Cerro el Plomo 5630, piso 10, Oficina 1001<\/span><\/span><\/p>\t\t\t\t\t\t<\/div>\n\t\t\t\t<\/div>\n\t\t\t\t<\/div>\n\t\t<div class=\"elementor-element elementor-element-15942eb e-con-full e-flex e-con e-child\" data-id=\"15942eb\" data-element_type=\"container\">\n\t\t\t\t<div class=\"elementor-element elementor-element-7878107 elementor-widget elementor-widget-heading\" data-id=\"7878107\" data-element_type=\"widget\" data-widget_type=\"heading.default\">\n\t\t\t\t<div class=\"elementor-widget-container\">\n\t\t\t<h2 class=\"elementor-heading-title elementor-size-default\">Opening Hours<\/h2>\t\t<\/div>\n\t\t\t\t<\/div>\n\t\t\t\t<div class=\"elementor-element elementor-element-28620e8 elementor-widget elementor-widget-text-editor\" data-id=\"28620e8\" data-element_type=\"widget\" data-widget_type=\"text-editor.default\">\n\t\t\t\t<div class=\"elementor-widget-container\">\n\t\t\t\t\t\t\t<p>Lun a vie de 8:30 A.M. a 6:30 P.M.<\/p>\t\t\t\t\t\t<\/div>\n\t\t\t\t<\/div>\n\t\t\t\t<\/div>\n\t\t\t\t<\/div>\n\t\t<div class=\"elementor-element elementor-element-855c7d9 e-con-full e-flex e-con e-child\" data-id=\"855c7d9\" data-element_type=\"container\">\n\t\t<div class=\"elementor-element elementor-element-bf49f11 e-con-full e-flex e-con e-child\" data-id=\"bf49f11\" data-element_type=\"container\">\n\t\t\t\t<div class=\"elementor-element elementor-element-ab16d01 elementor-widget elementor-widget-heading\" data-id=\"ab16d01\" data-element_type=\"widget\" data-widget_type=\"heading.default\">\n\t\t\t\t<div class=\"elementor-widget-container\">\n\t\t\t<h2 class=\"elementor-heading-title elementor-size-default\">Phone<\/h2>\t\t<\/div>\n\t\t\t\t<\/div>\n\t\t\t\t<div class=\"elementor-element elementor-element-75af64c elementor-widget elementor-widget-text-editor\" data-id=\"75af64c\" data-element_type=\"widget\" data-widget_type=\"text-editor.default\">\n\t\t\t\t<div class=\"elementor-widget-container\">\n\t\t\t\t\t\t\t<p><span data-olk-copy-source=\"MessageBody\">+562 25993550<\/span><\/p>\t\t\t\t\t\t<\/div>\n\t\t\t\t<\/div>\n\t\t\t\t<\/div>\n\t\t<div class=\"elementor-element elementor-element-3964731 e-con-full e-flex e-con e-child\" data-id=\"3964731\" data-element_type=\"container\">\n\t\t\t\t<div class=\"elementor-element elementor-element-3889979 elementor-widget elementor-widget-heading\" data-id=\"3889979\" data-element_type=\"widget\" data-widget_type=\"heading.default\">\n\t\t\t\t<div class=\"elementor-widget-container\">\n\t\t\t<h2 class=\"elementor-heading-title elementor-size-default\">Email<\/h2>\t\t<\/div>\n\t\t\t\t<\/div>\n\t\t\t\t<div class=\"elementor-element elementor-element-1c5b583 elementor-widget elementor-widget-text-editor\" data-id=\"1c5b583\" data-element_type=\"widget\" data-widget_type=\"text-editor.default\">\n\t\t\t\t<div class=\"elementor-widget-container\">\n\t\t\t\t\t\t\t<a style=\"color: #023087;\" href=\"mailto:contacto@intervialchile.cl\" target=\"_blank\">contacto@intervialchile.cl<\/a>\n\t\t\t\t\t\t<\/div>\n\t\t\t\t<\/div>\n\t\t\t\t<\/div>\n\t\t\t\t<\/div>\n\t\t\t\t\t<\/div>\n\t\t\t\t<\/div>\n\t\t\t\t\t<\/div>\n\t\t\t\t<\/div>\n\t\t\t\t\t<\/div>\n\t\t\t\t<\/div>\n\t\t\t\t<section class=\"elementor-section elementor-top-section elementor-element elementor-element-70367ada elementor-section-boxed elementor-section-height-default elementor-section-height-default\" data-id=\"70367ada\" data-element_type=\"section\">\n\t\t\t\t\t\t<div class=\"elementor-container elementor-column-gap-wider\">\n\t\t\t\t\t<div class=\"elementor-column elementor-col-50 elementor-top-column elementor-element elementor-element-fab331c\" data-id=\"fab331c\" data-element_type=\"column\">\n\t\t\t<div class=\"elementor-widget-wrap elementor-element-populated\">\n\t\t\t\t\t\t<div class=\"elementor-element elementor-element-0f7958e elementor-widget elementor-widget-heading\" data-id=\"0f7958e\" data-element_type=\"widget\" data-widget_type=\"heading.default\">\n\t\t\t\t<div class=\"elementor-widget-container\">\n\t\t\t<h2 class=\"elementor-heading-title elementor-size-default\">Send us a message and we will respond as soon as possible<\/h2>\t\t<\/div>\n\t\t\t\t<\/div>\n\t\t\t\t<div class=\"elementor-element elementor-element-68ae429 elementor-widget elementor-widget-text-editor\" data-id=\"68ae429\" data-element_type=\"widget\" data-widget_type=\"text-editor.default\">\n\t\t\t\t<div class=\"elementor-widget-container\">\n\t\t\t\t\t\t\t<p>Orbital Sur ensures the confidentiality of the personal data of users who register as such on the concessionaire's website using the form(s) established for these purposes. Without prejudice to its legal powers, Ruta Orbital Sur will only process personal data with respect to those that have been voluntarily submitted by Users in the aforementioned form. In accordance with the provisions of Article 19 No. 4 of the Political Constitution of the Republic and the relevant regulations of Law No. 19,628 on the protection of private life and its subsequent modifications.<\/p>\t\t\t\t\t\t<\/div>\n\t\t\t\t<\/div>\n\t\t\t\t\t<\/div>\n\t\t<\/div>\n\t\t\t\t<div class=\"elementor-column elementor-col-50 elementor-top-column elementor-element elementor-element-7e10cbaa\" data-id=\"7e10cbaa\" data-element_type=\"column\">\n\t\t\t<div class=\"elementor-widget-wrap elementor-element-populated\">\n\t\t\t\t\t\t<div class=\"elementor-element elementor-element-625bf74 elementor-widget elementor-widget-text-editor\" data-id=\"625bf74\" data-element_type=\"widget\" data-widget_type=\"text-editor.default\">\n\t\t\t\t<div class=\"elementor-widget-container\">\n\t\t\t\t\t\t\t<p>\n<div class=\"wpcf7 no-js\" id=\"wpcf7-f908-o1\" lang=\"es-ES\" dir=\"ltr\" data-wpcf7-id=\"908\">\n<div class=\"screen-reader-response\"><p role=\"status\" aria-live=\"polite\" aria-atomic=\"true\"><\/p> <ul><\/ul><\/div>\n<form action=\"\/wp-json\/wp\/v2\/pages\/11\" method=\"post\" class=\"wpcf7-form init\" aria-label=\"Formulario de contacto\" novalidate=\"novalidate\" data-status=\"init\" data-trp-original-action=\"\/en\/wp-json\/wp\/v2\/pages\/11#wpcf7-f908-o1\">\n<div style=\"display: none;\">\n<input type=\"hidden\" name=\"_wpcf7\" value=\"908\" \/>\n<input type=\"hidden\" name=\"_wpcf7_version\" value=\"6.0\" \/>\n<input type=\"hidden\" name=\"_wpcf7_locale\" value=\"es_ES\" \/>\n<input type=\"hidden\" name=\"_wpcf7_unit_tag\" value=\"wpcf7-f908-o1\" \/>\n<input type=\"hidden\" name=\"_wpcf7_container_post\" value=\"0\" \/>\n<input type=\"hidden\" name=\"_wpcf7_posted_data_hash\" value=\"\" \/>\n<\/div>\n<p><label> RUT (*)<br \/>\n<span class=\"wpcf7-form-control-wrap\" data-name=\"your-rut\"><input size=\"40\" maxlength=\"12\" class=\"wpcf7-form-control wpcf7-text wpcf7-validates-as-required\" id=\"rut\" aria-required=\"true\" aria-invalid=\"false\" value=\"\" type=\"text\" name=\"your-rut\" \/><\/span> <\/label>\n<\/p>\n<p><label> Name or Social reason (*)<br \/>\n<span class=\"wpcf7-form-control-wrap\" data-name=\"your-name\"><input size=\"40\" maxlength=\"400\" class=\"wpcf7-form-control wpcf7-text wpcf7-validates-as-required\" autocomplete=\"name\" aria-required=\"true\" aria-invalid=\"false\" value=\"\" type=\"text\" name=\"your-name\" \/><\/span> <\/label>\n<\/p>\n<p><label> Email (*)<br \/>\n<span class=\"wpcf7-form-control-wrap\" data-name=\"your-email\"><input size=\"40\" maxlength=\"400\" class=\"wpcf7-form-control wpcf7-email wpcf7-validates-as-required wpcf7-text wpcf7-validates-as-email\" autocomplete=\"email\" aria-required=\"true\" aria-invalid=\"false\" value=\"\" type=\"email\" name=\"your-email\" \/><\/span> <\/label>\n<\/p>\n<p><label> Telephone contact (*)<br \/>\n<span class=\"wpcf7-form-control-wrap\" data-name=\"your-subject\"><input size=\"40\" maxlength=\"400\" class=\"wpcf7-form-control wpcf7-text wpcf7-validates-as-required\" aria-required=\"true\" aria-invalid=\"false\" value=\"\" type=\"text\" name=\"your-subject\" \/><\/span> <\/label>\n<\/p>\n<p><label> Message (*)<br \/>\n<span class=\"wpcf7-form-control-wrap\" data-name=\"your-message\"><textarea cols=\"40\" rows=\"10\" maxlength=\"2000\" class=\"wpcf7-form-control wpcf7-textarea wpcf7-validates-as-required\" aria-required=\"true\" aria-invalid=\"false\" name=\"your-message\"><\/textarea><\/span> <\/label>\n<\/p>\n<p><strong>(*) Required fields.<\/strong>\n<\/p>\n<p><span id=\"rutError\" style=\"display:none; color:#dc3232;\">You must enter or correct your RUT<\/span><br \/>\n<input class=\"wpcf7-form-control wpcf7-submit has-spinner\" type=\"submit\" value=\"Send\" \/>\n<\/p>\n<p><script>\nvar Fn = {\n \/\/ Valida el rut con su cadena completa \"XXXXXXXX-X\"\n validaRut: function (rutCompleto) {\n if (!\/^\\d{1,2}\\.?\\d{3}\\.?\\d{3}-?[\\dkK]$\/.test(rutCompleto)) {\n return false;\n }\n var tmp = rutCompleto.split('-');\n var digv = tmp[1].toUpperCase();\n var rut = tmp[0].replace(\/\\.\/g, ''); \/\/ Eliminar puntos del cuerpo del RUT\n return (Fn.dv(rut) == digv);\n },\n dv: function (T) {\n var M = 0, S = 1;\n for (; T; T = Math.floor(T \/ 10))\n S = (S + T % 10 * (9 - M++ % 6)) % 11;\n return S ? S - 1 : 'K';\n }\n};\n\ndocument.addEventListener('DOMContentLoaded', function () {\n const rutInput = document.getElementById('rut');\n const rutError = document.getElementById('rutError');\n\n rutInput.addEventListener('input', function () {\n var rut = rutInput.value.replace(\/[^\\dkK]\/g, '').toUpperCase(); \/\/ Eliminar caracteres no v\u00e1lidos y convertir a may\u00fasculas\n if (rut.length > 9) {\n rut = rut.slice(0, 9); \/\/ Limitar a 9 caracteres\n }\n if (rut.length <= 1) {\n rutInput.value = rut;\n return;\n }\n\n var formattedRut = rut.slice(0, -1).replace(\/\\B(?=(\\d{3})+(?!\\d))\/g, '.') + '-' + rut.slice(-1);\n\n rutInput.value = formattedRut;\n\n if (Fn.validaRut(formattedRut)) {\n rutError.style.display = 'none';\n } else {\n rutError.style.display = 'block';\n }\n });\n});\n<\/script>\n<\/p>\n<style>\n@font-face {\n font-family: 'AmsiPro';\n src: url('https:\/\/itvappruta-5cbd4762c36f17c5-endpoint.azureedge.net\/blobitvappruta2a36d94275\/wp-content\/uploads\/2024\/06\/AmsiProNormal-Ultra-1.ttf') format('truetype');\n font-weight: normal;\n font-style: normal;\n}\n .wpcf7-submit {\n font: normal normal 700 18px\/30px AmsiPro, sans-serif;\n letter-spacing: 0px;\n color: #FFFFFF;\n text-align: left;\n opacity: 1;\n background: #0099FF 0% 0% no-repeat padding-box;\n border-radius: 26px;\n opacity: 1;\n border: none;\n padding: 10px 20px;\n cursor: pointer;\n}\n\n.wpcf7-submit:hover,\n.wpcf7-submit:active,\n.wpcf7-submit:focus {\n background: #0099FF; \/* Mant\u00e9n el mismo color de fondo *\/\n color: #FFFFFF; \/* Mant\u00e9n el mismo color de texto *\/\n}\n<\/style><div class=\"wpcf7-response-output\" aria-hidden=\"true\"><\/div>\n<input type=\"hidden\" name=\"trp-form-language\" value=\"en\"\/><\/form>\n<\/div>\n<\/p>\t\t\t\t\t\t<\/div>\n\t\t\t\t<\/div>\n\t\t\t\t\t<\/div>\n\t\t<\/div>\n\t\t\t\t\t<\/div>\n\t\t<\/section>\n\t\t\t\t<\/div>","protected":false},"excerpt":{"rendered":"<p>Cont\u00e1ctanos Cont\u00e1ctanos Direcci\u00f3n Cerro el Plomo 5630, piso 10, Oficina 1001 Horario de atenci\u00f3n Lun a vie de 8:30 A.M. a 6:30 P.M. Tel\u00e9fono +562 25993550 Correo electr\u00f3nico contacto@intervialchile.cl Env\u00edanos un mensaje y te responderemos a la brevedad Orbital Sur asegura la confidencialidad de los datos personales de los usuarios que se registren como tales [&hellip;]<\/p>","protected":false},"author":1,"featured_media":0,"parent":0,"menu_order":0,"comment_status":"closed","ping_status":"closed","template":"","meta":{"footnotes":""},"class_list":["post-11","page","type-page","status-publish","hentry"],"_links":{"self":[{"href":"https:\/\/rutaorbitalsur.cl\/en\/wp-json\/wp\/v2\/pages\/11","targetHints":{"allow":["GET"]}}],"collection":[{"href":"https:\/\/rutaorbitalsur.cl\/en\/wp-json\/wp\/v2\/pages"}],"about":[{"href":"https:\/\/rutaorbitalsur.cl\/en\/wp-json\/wp\/v2\/types\/page"}],"author":[{"embeddable":true,"href":"https:\/\/rutaorbitalsur.cl\/en\/wp-json\/wp\/v2\/users\/1"}],"replies":[{"embeddable":true,"href":"https:\/\/rutaorbitalsur.cl\/en\/wp-json\/wp\/v2\/comments?post=11"}],"version-history":[{"count":4,"href":"https:\/\/rutaorbitalsur.cl\/en\/wp-json\/wp\/v2\/pages\/11\/revisions"}],"predecessor-version":[{"id":1894,"href":"https:\/\/rutaorbitalsur.cl\/en\/wp-json\/wp\/v2\/pages\/11\/revisions\/1894"}],"wp:attachment":[{"href":"https:\/\/rutaorbitalsur.cl\/en\/wp-json\/wp\/v2\/media?parent=11"}],"curies":[{"name":"wp","href":"https:\/\/api.w.org\/{rel}","templated":true}]}}