{"id":13,"date":"2024-06-12T16:35:04","date_gmt":"2024-06-12T16:35:04","guid":{"rendered":"https:\/\/itv-app-rutaorbitalsur-prd002.azurewebsites.net\/?page_id=13"},"modified":"2024-07-04T19:58:58","modified_gmt":"2024-07-04T19:58:58","slug":"gobierno-corporativo","status":"publish","type":"page","link":"https:\/\/rutaorbitalsur.cl\/en\/gobierno-corporativo\/","title":{"rendered":"Corporate governance"},"content":{"rendered":"<div data-elementor-type=\"wp-page\" data-elementor-id=\"13\" class=\"elementor elementor-13\" data-elementor-post-type=\"page\">\n\t\t\t\t<div class=\"elementor-element elementor-element-e7610d6 e-con-full e-flex e-con e-parent\" data-id=\"e7610d6\" data-element_type=\"container\">\n\t\t\t\t<div class=\"elementor-element elementor-element-8f0ce10 elementor-widget__width-initial elementor-widget-tablet__width-initial elementor-widget elementor-widget-heading\" data-id=\"8f0ce10\" data-element_type=\"widget\" data-widget_type=\"heading.default\">\n\t\t\t\t<div class=\"elementor-widget-container\">\n\t\t\t<h2 class=\"elementor-heading-title elementor-size-default\">Corporate governance<\/h2>\t\t<\/div>\n\t\t\t\t<\/div>\n\t\t\t\t<div class=\"elementor-element elementor-element-b7c55db elementor-widget elementor-widget-image\" data-id=\"b7c55db\" data-element_type=\"widget\" data-widget_type=\"image.default\">\n\t\t\t\t<div class=\"elementor-widget-container\">\n\t\t\t\t\t\t\t\t\t\t\t\t\t<img fetchpriority=\"high\" decoding=\"async\" width=\"2732\" height=\"964\" src=\"\/wp-content\/uploads\/2024\/07\/opti-gobierno-corporativo@2x-1.png\" class=\"attachment-full size-full wp-image-1261\" alt=\"\" srcset=\"\/wp-content\/uploads\/2024\/07\/opti-gobierno-corporativo@2x-1.png 2732w, \/wp-content\/uploads\/2024\/07\/opti-gobierno-corporativo@2x-1-300x106.png 300w, \/wp-content\/uploads\/2024\/07\/opti-gobierno-corporativo@2x-1-1024x361.png 1024w, \/wp-content\/uploads\/2024\/07\/opti-gobierno-corporativo@2x-1-768x271.png 768w, \/wp-content\/uploads\/2024\/07\/opti-gobierno-corporativo@2x-1-1536x542.png 1536w, \/wp-content\/uploads\/2024\/07\/opti-gobierno-corporativo@2x-1-2048x723.png 2048w, \/wp-content\/uploads\/2024\/07\/opti-gobierno-corporativo@2x-1-18x6.png 18w\" sizes=\"(max-width: 2732px) 100vw, 2732px\" \/>\t\t\t\t\t\t\t\t\t\t\t\t\t<\/div>\n\t\t\t\t<\/div>\n\t\t\t\t<\/div>\n\t\t<div class=\"elementor-element elementor-element-8b10323 e-flex e-con-boxed e-con e-parent\" data-id=\"8b10323\" data-element_type=\"container\" data-settings=\"{&quot;background_background&quot;:&quot;classic&quot;}\">\n\t\t\t\t\t<div class=\"e-con-inner\">\n\t\t<div class=\"elementor-element elementor-element-05f16c0 e-con-full e-flex e-con e-child\" data-id=\"05f16c0\" data-element_type=\"container\">\n\t\t\t\t<div class=\"elementor-element elementor-element-83aaaa6 elementor-widget__width-initial elementor-widget elementor-widget-heading\" data-id=\"83aaaa6\" data-element_type=\"widget\" data-widget_type=\"heading.default\">\n\t\t\t\t<div class=\"elementor-widget-container\">\n\t\t\t<h2 class=\"elementor-heading-title elementor-size-default\">Connections that inspire<\/h2>\t\t<\/div>\n\t\t\t\t<\/div>\n\t\t\t\t<\/div>\n\t\t<div class=\"elementor-element elementor-element-2449675 e-con-full e-flex e-con e-child\" data-id=\"2449675\" data-element_type=\"container\">\n\t\t\t\t<div class=\"elementor-element elementor-element-56bc4ac elementor-widget elementor-widget-text-editor\" data-id=\"56bc4ac\" data-element_type=\"widget\" data-widget_type=\"text-editor.default\">\n\t\t\t\t<div class=\"elementor-widget-container\">\n\t\t\t\t\t\t\t<p>As part of ISA, we embrace the expression CONNECTIONS THAT INSPIRE (CONEXIONES QUE INSPIRAN, in Spanish) as a higher purpose, which redefines the physical act of connecting into something that transcend.<\/p><p>Because when you connect one point to another, people connect, making each connection an inspiring act.<\/p>\t\t\t\t\t\t<\/div>\n\t\t\t\t<\/div>\n\t\t\t\t<\/div>\n\t\t<div class=\"elementor-element elementor-element-3333e42 e-con-full e-flex e-con e-child\" data-id=\"3333e42\" data-element_type=\"container\">\n\t\t\t\t<div class=\"elementor-element elementor-element-2fac8ba elementor-widget elementor-widget-heading\" data-id=\"2fac8ba\" data-element_type=\"widget\" data-widget_type=\"heading.default\">\n\t\t\t\t<div class=\"elementor-widget-container\">\n\t\t\t<h2 class=\"elementor-heading-title elementor-size-default\">Manifest<\/h2>\t\t<\/div>\n\t\t\t\t<\/div>\n\t\t\t\t<div class=\"elementor-element elementor-element-1cc393c elementor-widget__width-initial elementor-widget elementor-widget-text-editor\" data-id=\"1cc393c\" data-element_type=\"widget\" data-widget_type=\"text-editor.default\">\n\t\t\t\t<div class=\"elementor-widget-container\">\n\t\t\t\t\t\t\t<p>Our higher purpose involves going beyond connecting one point to another through power transmission lines, roads and highways or fiber optics. For us it means connecting people, connecting emotions, feelings, dreams and possibilities.<\/p><p>ISA has been connecting countries for more than five decades and improving the quality of life of millions of people.<\/p>\t\t\t\t\t\t<\/div>\n\t\t\t\t<\/div>\n\t\t\t\t<\/div>\n\t\t\t\t\t<\/div>\n\t\t\t\t<\/div>\n\t\t<div class=\"elementor-element elementor-element-6c8cf5a e-flex e-con-boxed e-con e-parent\" data-id=\"6c8cf5a\" data-element_type=\"container\" data-no-translation=\"\">\n\t\t\t\t\t<div class=\"e-con-inner\">\n\t\t\t\t<div class=\"elementor-element elementor-element-bbb4c37 elementor-widget elementor-widget-html\" data-id=\"bbb4c37\" data-element_type=\"widget\" data-widget_type=\"html.default\">\n\t\t\t\t<div class=\"elementor-widget-container\">\n\t\t\t<iframe width=\"560\" height=\"715\" src=\"https:\/\/www.youtube-nocookie.com\/embed\/EBVj9d52J-U\" frameborder=\"0\" allow=\"accelerometer; autoplay; encrypted-media; gyroscope; picture-in-picture\" allowfullscreen><\/iframe>\r\n\t\t<\/div>\n\t\t\t\t<\/div>\n\t\t\t\t\t<\/div>\n\t\t\t\t<\/div>\n\t\t<div class=\"elementor-element elementor-element-8e0927a e-flex e-con-boxed e-con e-parent\" data-id=\"8e0927a\" data-element_type=\"container\">\n\t\t\t\t\t<div class=\"e-con-inner\">\n\t\t\t\t<div class=\"elementor-element elementor-element-1a2cd6e elementor-widget__width-initial elementor-widget elementor-widget-heading\" data-id=\"1a2cd6e\" data-element_type=\"widget\" data-widget_type=\"heading.default\">\n\t\t\t\t<div class=\"elementor-widget-container\">\n\t\t\t<h2 class=\"elementor-heading-title elementor-size-default\">A future inspired by sustainable value<\/h2>\t\t<\/div>\n\t\t\t\t<\/div>\n\t\t\t\t\t<\/div>\n\t\t\t\t<\/div>\n\t\t<div class=\"elementor-element elementor-element-5020c51 e-flex e-con-boxed e-con e-parent\" data-id=\"5020c51\" data-element_type=\"container\">\n\t\t\t\t\t<div class=\"e-con-inner\">\n\t\t\t\t<div class=\"elementor-element elementor-element-57ac6a4 elementor-widget__width-initial elementor-widget elementor-widget-text-editor\" data-id=\"57ac6a4\" data-element_type=\"widget\" data-widget_type=\"text-editor.default\">\n\t\t\t\t<div class=\"elementor-widget-container\">\n\t\t\t\t\t\t\t<p>The ISA2030 strategy is aimed at creating sustainable value. It is the great commitment to create value over time, which transcends the generation of purely economic value, to the inclusion of social and environmental aspects, considering all the opportunities offered by an increasingly dynamic, collaborative and digital future, ensuring corporate validity.<\/p>\t\t\t\t\t\t<\/div>\n\t\t\t\t<\/div>\n\t\t\t\t\t<\/div>\n\t\t\t\t<\/div>\n\t\t<div class=\"elementor-element elementor-element-f10c655 e-flex e-con-boxed e-con e-parent\" data-id=\"f10c655\" data-element_type=\"container\">\n\t\t\t\t\t<div class=\"e-con-inner\">\n\t\t\t\t<div class=\"elementor-element elementor-element-95f5bad elementor-widget__width-initial elementor-widget elementor-widget-heading\" data-id=\"95f5bad\" data-element_type=\"widget\" data-widget_type=\"heading.default\">\n\t\t\t\t<div class=\"elementor-widget-container\">\n\t\t\t<h2 class=\"elementor-heading-title elementor-size-default\">This is how we understand sustainable value<\/h2>\t\t<\/div>\n\t\t\t\t<\/div>\n\t\t\t\t\t<\/div>\n\t\t\t\t<\/div>\n\t\t<div class=\"elementor-element elementor-element-e581381 e-flex e-con-boxed e-con e-parent\" data-id=\"e581381\" data-element_type=\"container\">\n\t\t\t\t\t<div class=\"e-con-inner\">\n\t\t\t\t<div class=\"elementor-element elementor-element-2109776 elementor-widget elementor-widget-image\" data-id=\"2109776\" data-element_type=\"widget\" data-widget_type=\"image.default\">\n\t\t\t\t<div class=\"elementor-widget-container\">\n\t\t\t\t\t\t\t\t\t\t\t\t\t<img decoding=\"async\" width=\"2162\" height=\"1652\" src=\"https:\/\/itvappruta-7fd91f4d5a8b907c-endpoint.azureedge.net\/blobitvapprutaf2d9da3d10\/wp-content\/uploads\/2024\/07\/connections-that-inspire@2x.png\" class=\"attachment-full size-full wp-image-1262\" alt=\"\" srcset=\"\" sizes=\"(max-width: 2162px) 100vw, 2162px\" data-srcset=\"\" \/>\t\t\t\t\t\t\t\t\t\t\t\t\t<\/div>\n\t\t\t\t<\/div>\n\t\t\t\t\t<\/div>\n\t\t\t\t<\/div>\n\t\t<div class=\"elementor-element elementor-element-d51b8c0 e-flex e-con-boxed e-con e-parent\" data-id=\"d51b8c0\" data-element_type=\"container\">\n\t\t\t\t\t<div class=\"e-con-inner\">\n\t\t<div class=\"elementor-element elementor-element-3ae1380 e-con-full e-flex e-con e-child\" data-id=\"3ae1380\" data-element_type=\"container\">\n\t\t\t\t<div class=\"elementor-element elementor-element-de8169d elementor-widget elementor-widget-image\" data-id=\"de8169d\" data-element_type=\"widget\" data-widget_type=\"image.default\">\n\t\t\t\t<div class=\"elementor-widget-container\">\n\t\t\t\t\t\t\t\t\t\t\t\t\t<img decoding=\"async\" width=\"504\" height=\"504\" src=\"\/wp-content\/uploads\/2024\/07\/foto-v-opti@2x.png\" class=\"attachment-full size-full wp-image-1266\" alt=\"\" srcset=\"\/wp-content\/uploads\/2024\/07\/foto-v-opti@2x.png 504w, \/wp-content\/uploads\/2024\/07\/foto-v-opti@2x-300x300.png 300w, \/wp-content\/uploads\/2024\/07\/foto-v-opti@2x-150x150.png 150w, \/wp-content\/uploads\/2024\/07\/foto-v-opti@2x-12x12.png 12w\" sizes=\"(max-width: 504px) 100vw, 504px\" \/>\t\t\t\t\t\t\t\t\t\t\t\t\t<\/div>\n\t\t\t\t<\/div>\n\t\t<div class=\"elementor-element elementor-element-a475013 e-flex e-con-boxed e-con e-child\" data-id=\"a475013\" data-element_type=\"container\">\n\t\t\t\t\t<div class=\"e-con-inner\">\n\t\t\t\t<div class=\"elementor-element elementor-element-0a22781 elementor-widget elementor-widget-heading\" data-id=\"0a22781\" data-element_type=\"widget\" data-widget_type=\"heading.default\">\n\t\t\t\t<div class=\"elementor-widget-container\">\n\t\t\t<h2 class=\"elementor-heading-title elementor-size-default\">Green<\/h2>\t\t<\/div>\n\t\t\t\t<\/div>\n\t\t\t\t<div class=\"elementor-element elementor-element-fc58e62 elementor-widget elementor-widget-text-editor\" data-id=\"fc58e62\" data-element_type=\"widget\" data-widget_type=\"text-editor.default\">\n\t\t\t\t<div class=\"elementor-widget-container\">\n\t\t\t\t\t\t\t<p>We work to proactively minimize the environmental impact and promote initiatives for its protection.<\/p>\t\t\t\t\t\t<\/div>\n\t\t\t\t<\/div>\n\t\t\t\t\t<\/div>\n\t\t\t\t<\/div>\n\t\t\t\t<\/div>\n\t\t<div class=\"elementor-element elementor-element-795de23 e-con-full e-flex e-con e-child\" data-id=\"795de23\" data-element_type=\"container\">\n\t\t\t\t<div class=\"elementor-element elementor-element-fc72c2e elementor-widget elementor-widget-image\" data-id=\"fc72c2e\" data-element_type=\"widget\" data-widget_type=\"image.default\">\n\t\t\t\t<div class=\"elementor-widget-container\">\n\t\t\t\t\t\t\t\t\t\t\t\t\t<img loading=\"lazy\" decoding=\"async\" width=\"504\" height=\"504\" src=\"\/wp-content\/uploads\/2024\/07\/foto-i-opti@2x.png\" class=\"attachment-full size-full wp-image-1265\" alt=\"\" srcset=\"\/wp-content\/uploads\/2024\/07\/foto-i-opti@2x.png 504w, \/wp-content\/uploads\/2024\/07\/foto-i-opti@2x-300x300.png 300w, \/wp-content\/uploads\/2024\/07\/foto-i-opti@2x-150x150.png 150w, \/wp-content\/uploads\/2024\/07\/foto-i-opti@2x-12x12.png 12w\" sizes=\"(max-width: 504px) 100vw, 504px\" \/>\t\t\t\t\t\t\t\t\t\t\t\t\t<\/div>\n\t\t\t\t<\/div>\n\t\t<div class=\"elementor-element elementor-element-6244d7c e-flex e-con-boxed e-con e-child\" data-id=\"6244d7c\" data-element_type=\"container\">\n\t\t\t\t\t<div class=\"e-con-inner\">\n\t\t\t\t<div class=\"elementor-element elementor-element-fe5bdac elementor-widget elementor-widget-heading\" data-id=\"fe5bdac\" data-element_type=\"widget\" data-widget_type=\"heading.default\">\n\t\t\t\t<div class=\"elementor-widget-container\">\n\t\t\t<h2 class=\"elementor-heading-title elementor-size-default\">Innovation<\/h2>\t\t<\/div>\n\t\t\t\t<\/div>\n\t\t\t\t<div class=\"elementor-element elementor-element-c16ac2b elementor-widget elementor-widget-text-editor\" data-id=\"c16ac2b\" data-element_type=\"widget\" data-widget_type=\"text-editor.default\">\n\t\t\t\t<div class=\"elementor-widget-container\">\n\t\t\t\t\t\t\t<p>Taking advantage of opportunities derived from technological evolution and trends.<\/p>\t\t\t\t\t\t<\/div>\n\t\t\t\t<\/div>\n\t\t\t\t\t<\/div>\n\t\t\t\t<\/div>\n\t\t\t\t<\/div>\n\t\t<div class=\"elementor-element elementor-element-6119c63 e-con-full e-flex e-con e-child\" data-id=\"6119c63\" data-element_type=\"container\">\n\t\t\t\t<div class=\"elementor-element elementor-element-e72ba46 elementor-widget elementor-widget-image\" data-id=\"e72ba46\" data-element_type=\"widget\" data-widget_type=\"image.default\">\n\t\t\t\t<div class=\"elementor-widget-container\">\n\t\t\t\t\t\t\t\t\t\t\t\t\t<img loading=\"lazy\" decoding=\"async\" width=\"504\" height=\"504\" src=\"\/wp-content\/uploads\/2024\/07\/foto-d-opti@2x.png\" class=\"attachment-full size-full wp-image-1264\" alt=\"\" srcset=\"\/wp-content\/uploads\/2024\/07\/foto-d-opti@2x.png 504w, \/wp-content\/uploads\/2024\/07\/foto-d-opti@2x-300x300.png 300w, \/wp-content\/uploads\/2024\/07\/foto-d-opti@2x-150x150.png 150w, \/wp-content\/uploads\/2024\/07\/foto-d-opti@2x-12x12.png 12w\" sizes=\"(max-width: 504px) 100vw, 504px\" \/>\t\t\t\t\t\t\t\t\t\t\t\t\t<\/div>\n\t\t\t\t<\/div>\n\t\t<div class=\"elementor-element elementor-element-3cffad7 e-flex e-con-boxed e-con e-child\" data-id=\"3cffad7\" data-element_type=\"container\">\n\t\t\t\t\t<div class=\"e-con-inner\">\n\t\t\t\t<div class=\"elementor-element elementor-element-64872d7 elementor-widget elementor-widget-heading\" data-id=\"64872d7\" data-element_type=\"widget\" data-widget_type=\"heading.default\">\n\t\t\t\t<div class=\"elementor-widget-container\">\n\t\t\t<h2 class=\"elementor-heading-title elementor-size-default\">Development<\/h2>\t\t<\/div>\n\t\t\t\t<\/div>\n\t\t\t\t<div class=\"elementor-element elementor-element-9652c79 elementor-widget elementor-widget-text-editor\" data-id=\"9652c79\" data-element_type=\"widget\" data-widget_type=\"text-editor.default\">\n\t\t\t\t<div class=\"elementor-widget-container\">\n\t\t\t\t\t\t\t<p>We build capacities to face business challenges and promote entrepreneurship ecosystem.<\/p>\t\t\t\t\t\t<\/div>\n\t\t\t\t<\/div>\n\t\t\t\t\t<\/div>\n\t\t\t\t<\/div>\n\t\t\t\t<\/div>\n\t\t<div class=\"elementor-element elementor-element-b1ee641 e-con-full e-flex e-con e-child\" data-id=\"b1ee641\" data-element_type=\"container\">\n\t\t\t\t<div class=\"elementor-element elementor-element-83e13be elementor-widget elementor-widget-image\" data-id=\"83e13be\" data-element_type=\"widget\" data-widget_type=\"image.default\">\n\t\t\t\t<div class=\"elementor-widget-container\">\n\t\t\t\t\t\t\t\t\t\t\t\t\t<img loading=\"lazy\" decoding=\"async\" width=\"504\" height=\"504\" src=\"\/wp-content\/uploads\/2024\/07\/foto-a-opti@2x.png\" class=\"attachment-full size-full wp-image-1263\" alt=\"\" srcset=\"\/wp-content\/uploads\/2024\/07\/foto-a-opti@2x.png 504w, \/wp-content\/uploads\/2024\/07\/foto-a-opti@2x-300x300.png 300w, \/wp-content\/uploads\/2024\/07\/foto-a-opti@2x-150x150.png 150w, \/wp-content\/uploads\/2024\/07\/foto-a-opti@2x-12x12.png 12w\" sizes=\"(max-width: 504px) 100vw, 504px\" \/>\t\t\t\t\t\t\t\t\t\t\t\t\t<\/div>\n\t\t\t\t<\/div>\n\t\t<div class=\"elementor-element elementor-element-a34803a e-flex e-con-boxed e-con e-child\" data-id=\"a34803a\" data-element_type=\"container\">\n\t\t\t\t\t<div class=\"e-con-inner\">\n\t\t\t\t<div class=\"elementor-element elementor-element-902f816 elementor-widget elementor-widget-heading\" data-id=\"902f816\" data-element_type=\"widget\" data-widget_type=\"heading.default\">\n\t\t\t\t<div class=\"elementor-widget-container\">\n\t\t\t<h2 class=\"elementor-heading-title elementor-size-default\">Articulation<\/h2>\t\t<\/div>\n\t\t\t\t<\/div>\n\t\t\t\t<div class=\"elementor-element elementor-element-c8e757f elementor-widget elementor-widget-text-editor\" data-id=\"c8e757f\" data-element_type=\"widget\" data-widget_type=\"text-editor.default\">\n\t\t\t\t<div class=\"elementor-widget-container\">\n\t\t\t\t\t\t\t<p>Seal of strategic alliances to meet common objetives.<\/p>\t\t\t\t\t\t<\/div>\n\t\t\t\t<\/div>\n\t\t\t\t\t<\/div>\n\t\t\t\t<\/div>\n\t\t\t\t<\/div>\n\t\t\t\t\t<\/div>\n\t\t\t\t<\/div>\n\t\t<div class=\"elementor-element elementor-element-212252d e-flex e-con-boxed e-con e-parent\" data-id=\"212252d\" data-element_type=\"container\">\n\t\t\t\t\t<div class=\"e-con-inner\">\n\t\t<div class=\"elementor-element elementor-element-e0e7bc5 e-con-full e-flex e-con e-child\" data-id=\"e0e7bc5\" data-element_type=\"container\">\n\t\t\t\t<div class=\"elementor-element elementor-element-c3e214a elementor-widget elementor-widget-text-editor\" data-id=\"c3e214a\" data-element_type=\"widget\" data-widget_type=\"text-editor.default\">\n\t\t\t\t<div class=\"elementor-widget-container\">\n\t\t\t\t\t\t\t<p>CONNECTIONS THAT INSPIRE, reflects the business philosophy, transcends business frameworks and represents the great challenges and commitments that are assumed with coherence.<\/p><p>The higher purpose and its maxims are the main declaration of the way of being, acting and the beliefs of the ISA companies; It is complemented by the Code of Ethics and Conduct, the Good Corporate Governance Manual and the Commitments to Stakeholders.<\/p><p>The Code of Ethics and Conduct compiles the guiding ethical criteria for the actions of all administrators and workers of ISA and its companies.<\/p><p>The Good Corporate Governance Manual compiles and establishes the set of principles, rules, means, practices and processes, through which ISA is directed, operated and controlled, seeking business efficiency, enhancing growth and promoting investor confidence in national and international contexts.<\/p>\t\t\t\t\t\t<\/div>\n\t\t\t\t<\/div>\n\t\t\t\t<\/div>\n\t\t<div class=\"elementor-element elementor-element-e21bb64 e-con-full e-flex e-con e-child\" data-id=\"e21bb64\" data-element_type=\"container\">\n\t\t<div class=\"elementor-element elementor-element-c388c87 e-flex e-con-boxed e-con e-child\" data-id=\"c388c87\" data-element_type=\"container\">\n\t\t\t\t\t<div class=\"e-con-inner\">\n\t\t\t\t<div class=\"elementor-element elementor-element-ea8ed3b elementor-widget elementor-widget-text-editor\" data-id=\"ea8ed3b\" data-element_type=\"widget\" data-widget_type=\"text-editor.default\">\n\t\t\t\t<div class=\"elementor-widget-container\">\n\t\t\t\t\t\t\t<p>Interest groups are the set of people, organizations and institutions with whom ISA and its companies build and share common interests. ISA develops, consolidates and promotes relationship mechanisms and commitments with its interest groups to:<\/p>\t\t\t\t\t\t<\/div>\n\t\t\t\t<\/div>\n\t\t\t\t\t<\/div>\n\t\t\t\t<\/div>\n\t\t<div class=\"elementor-element elementor-element-bd882af e-flex e-con-boxed e-con e-child\" data-id=\"bd882af\" data-element_type=\"container\">\n\t\t\t\t\t<div class=\"e-con-inner\">\n\t\t\t\t<div class=\"elementor-element elementor-element-630e363 elementor-icon-list--layout-traditional elementor-list-item-link-full_width elementor-widget elementor-widget-icon-list\" data-id=\"630e363\" data-element_type=\"widget\" data-widget_type=\"icon-list.default\">\n\t\t\t\t<div class=\"elementor-widget-container\">\n\t\t\t\t\t<ul class=\"elementor-icon-list-items\">\n\t\t\t\t\t\t\t<li class=\"elementor-icon-list-item\">\n\t\t\t\t\t\t\t\t\t\t\t<span class=\"elementor-icon-list-icon\">\n\t\t\t\t\t\t\t<svg aria-hidden=\"true\" class=\"e-font-icon-svg e-fas-check\" viewbox=\"0 0 512 512\" xmlns=\"http:\/\/www.w3.org\/2000\/svg\"><path d=\"M173.898 439.404l-166.4-166.4c-9.997-9.997-9.997-26.206 0-36.204l36.203-36.204c9.997-9.998 26.207-9.998 36.204 0L192 312.69 432.095 72.596c9.997-9.997 26.207-9.997 36.204 0l36.203 36.204c9.997 9.997 9.997 26.206 0 36.204l-294.4 294.401c-9.998 9.997-26.207 9.997-36.204-.001z\"><\/path><\/svg>\t\t\t\t\t\t<\/span>\n\t\t\t\t\t\t\t\t\t\t<span class=\"elementor-icon-list-text\">Promote ethical, transparent, constructive relationships that respect Human Rights. <\/span>\n\t\t\t\t\t\t\t\t\t<\/li>\n\t\t\t\t\t\t\t\t<li class=\"elementor-icon-list-item\">\n\t\t\t\t\t\t\t\t\t\t\t<span class=\"elementor-icon-list-icon\">\n\t\t\t\t\t\t\t<svg aria-hidden=\"true\" class=\"e-font-icon-svg e-fas-check\" viewbox=\"0 0 512 512\" xmlns=\"http:\/\/www.w3.org\/2000\/svg\"><path d=\"M173.898 439.404l-166.4-166.4c-9.997-9.997-9.997-26.206 0-36.204l36.203-36.204c9.997-9.998 26.207-9.998 36.204 0L192 312.69 432.095 72.596c9.997-9.997 26.207-9.997 36.204 0l36.203 36.204c9.997 9.997 9.997 26.206 0 36.204l-294.4 294.401c-9.998 9.997-26.207 9.997-36.204-.001z\"><\/path><\/svg>\t\t\t\t\t\t<\/span>\n\t\t\t\t\t\t\t\t\t\t<span class=\"elementor-icon-list-text\">Generate communication channels that provide information and ensure spaces for dialogue. <\/span>\n\t\t\t\t\t\t\t\t\t<\/li>\n\t\t\t\t\t\t\t\t<li class=\"elementor-icon-list-item\">\n\t\t\t\t\t\t\t\t\t\t\t<span class=\"elementor-icon-list-icon\">\n\t\t\t\t\t\t\t<svg aria-hidden=\"true\" class=\"e-font-icon-svg e-fas-check\" viewbox=\"0 0 512 512\" xmlns=\"http:\/\/www.w3.org\/2000\/svg\"><path d=\"M173.898 439.404l-166.4-166.4c-9.997-9.997-9.997-26.206 0-36.204l36.203-36.204c9.997-9.998 26.207-9.998 36.204 0L192 312.69 432.095 72.596c9.997-9.997 26.207-9.997 36.204 0l36.203 36.204c9.997 9.997 9.997 26.206 0 36.204l-294.4 294.401c-9.998 9.997-26.207 9.997-36.204-.001z\"><\/path><\/svg>\t\t\t\t\t\t<\/span>\n\t\t\t\t\t\t\t\t\t\t<span class=\"elementor-icon-list-text\">Strengthen relationships based on trust and legitimacy. <\/span>\n\t\t\t\t\t\t\t\t\t<\/li>\n\t\t\t\t\t\t\t\t<li class=\"elementor-icon-list-item\">\n\t\t\t\t\t\t\t\t\t\t\t<span class=\"elementor-icon-list-icon\">\n\t\t\t\t\t\t\t<svg aria-hidden=\"true\" class=\"e-font-icon-svg e-fas-check\" viewbox=\"0 0 512 512\" xmlns=\"http:\/\/www.w3.org\/2000\/svg\"><path d=\"M173.898 439.404l-166.4-166.4c-9.997-9.997-9.997-26.206 0-36.204l36.203-36.204c9.997-9.998 26.207-9.998 36.204 0L192 312.69 432.095 72.596c9.997-9.997 26.207-9.997 36.204 0l36.203 36.204c9.997 9.997 9.997 26.206 0 36.204l-294.4 294.401c-9.998 9.997-26.207 9.997-36.204-.001z\"><\/path><\/svg>\t\t\t\t\t\t<\/span>\n\t\t\t\t\t\t\t\t\t\t<span class=\"elementor-icon-list-text\">Timely provide information of public interest.<\/span>\n\t\t\t\t\t\t\t\t\t<\/li>\n\t\t\t\t\t\t\t\t<li class=\"elementor-icon-list-item\">\n\t\t\t\t\t\t\t\t\t\t\t<span class=\"elementor-icon-list-icon\">\n\t\t\t\t\t\t\t<svg aria-hidden=\"true\" class=\"e-font-icon-svg e-fas-check\" viewbox=\"0 0 512 512\" xmlns=\"http:\/\/www.w3.org\/2000\/svg\"><path d=\"M173.898 439.404l-166.4-166.4c-9.997-9.997-9.997-26.206 0-36.204l36.203-36.204c9.997-9.998 26.207-9.998 36.204 0L192 312.69 432.095 72.596c9.997-9.997 26.207-9.997 36.204 0l36.203 36.204c9.997 9.997 9.997 26.206 0 36.204l-294.4 294.401c-9.998 9.997-26.207 9.997-36.204-.001z\"><\/path><\/svg>\t\t\t\t\t\t<\/span>\n\t\t\t\t\t\t\t\t\t\t<span class=\"elementor-icon-list-text\">Contribute to sustainable development and the well-being of society<\/span>\n\t\t\t\t\t\t\t\t\t<\/li>\n\t\t\t\t\t\t<\/ul>\n\t\t\t\t<\/div>\n\t\t\t\t<\/div>\n\t\t\t\t\t<\/div>\n\t\t\t\t<\/div>\n\t\t\t\t<\/div>\n\t\t\t\t\t<\/div>\n\t\t\t\t<\/div>\n\t\t\t\t<\/div>","protected":false},"excerpt":{"rendered":"<p>Gobierno Corporativo Conexiones que inspiran Como parte de ISA, nos unimos a la declaraci\u00f3n como prop\u00f3sito superior la expresi\u00f3n CONEXIONES QUE INSPIRAN, que permite resignificar el acto f\u00edsico de conectar en algo trascendente. Porque cuando se conecta un punto con otro, se conectan personas, haciendo de cada conexi\u00f3n un acto inspirador. Manifiesto Nuestro prop\u00f3sito superior [&hellip;]<\/p>","protected":false},"author":1,"featured_media":0,"parent":0,"menu_order":0,"comment_status":"closed","ping_status":"closed","template":"","meta":{"footnotes":""},"class_list":["post-13","page","type-page","status-publish","hentry"],"_links":{"self":[{"href":"https:\/\/rutaorbitalsur.cl\/en\/wp-json\/wp\/v2\/pages\/13","targetHints":{"allow":["GET"]}}],"collection":[{"href":"https:\/\/rutaorbitalsur.cl\/en\/wp-json\/wp\/v2\/pages"}],"about":[{"href":"https:\/\/rutaorbitalsur.cl\/en\/wp-json\/wp\/v2\/types\/page"}],"author":[{"embeddable":true,"href":"https:\/\/rutaorbitalsur.cl\/en\/wp-json\/wp\/v2\/users\/1"}],"replies":[{"embeddable":true,"href":"https:\/\/rutaorbitalsur.cl\/en\/wp-json\/wp\/v2\/comments?post=13"}],"version-history":[{"count":0,"href":"https:\/\/rutaorbitalsur.cl\/en\/wp-json\/wp\/v2\/pages\/13\/revisions"}],"wp:attachment":[{"href":"https:\/\/rutaorbitalsur.cl\/en\/wp-json\/wp\/v2\/media?parent=13"}],"curies":[{"name":"wp","href":"https:\/\/api.w.org\/{rel}","templated":true}]}}