{"id":15,"date":"2024-06-12T16:35:30","date_gmt":"2024-06-12T16:35:30","guid":{"rendered":"https:\/\/itv-app-rutaorbitalsur-prd002.azurewebsites.net\/?page_id=15"},"modified":"2025-08-27T16:06:31","modified_gmt":"2025-08-27T16:06:31","slug":"inicio","status":"publish","type":"page","link":"https:\/\/rutaorbitalsur.cl\/en\/","title":{"rendered":"START"},"content":{"rendered":"<div data-elementor-type=\"wp-page\" data-elementor-id=\"15\" class=\"elementor elementor-15\" data-elementor-post-type=\"page\">\n\t\t\t\t<div class=\"elementor-element elementor-element-26ba56f e-con-full e-flex e-con e-parent\" data-id=\"26ba56f\" data-element_type=\"container\">\n\t\t\t\t<div class=\"elementor-element elementor-element-586feab elementor-hidden-tablet elementor-hidden-mobile elementor-widget elementor-widget-html\" data-id=\"586feab\" data-element_type=\"widget\" data-widget_type=\"html.default\">\n\t\t\t\t<div class=\"elementor-widget-container\">\n\t\t\t<style>\r\n@font-face {\r\n    font-family: 'AmsiProo';\r\n    src: url('https:\/\/itvappruta-5cbd4762c36f17c5-endpoint.azureedge.net\/blobitvappruta2a36d94275\/wp-content\/uploads\/2024\/06\/AmsiProNormal-Ultra-1.ttf') format('truetype');\r\n    font-weight: normal;\r\n    font-style: normal;\r\n}\r\n.etapa-1 {\r\n            position: relative;\r\n            padding: 0 0px; \/* A\u00f1ade un relleno lateral para mantener el margen *\/\r\n        }\r\n\r\n        .etapa-info-1 {\r\n            left: 12%;\r\n            position: absolute;\r\n            top: 32%;\r\n            z-index: 10;\r\n            display: flex;\r\n            flex-direction: column;\r\n            align-items: start;\r\n            gap: 20px;\r\n        }\r\n        .etapa-info-slide1-1 {\r\n            left: 45%;\r\n            position: absolute;\r\n            top: 38%;\r\n            \r\n            display: flex;\r\n            flex-direction: column;\r\n            align-items: start;\r\n            gap: 1px;\r\n        }\r\n        .etapa-info-slide2-1 {\r\n            left: 10%;\r\n            position: absolute;\r\n            top: 25%;\r\n            z-index: 10;\r\n            display: flex;\r\n            flex-direction: column;\r\n            align-items: start;\r\n            gap: 25px;\r\n        }\r\n\r\n\r\n        .etapa-1 h3 {\r\n            font: normal normal normal 80px\/70px AmsiProo;\r\n            letter-spacing: 0px;\r\n            color: #FFFFFF;\r\n            opacity: 1;\r\n            margin: 0;\r\n            line-height: 70px;\r\n        }\r\n\r\n        .elementor-1 img {\r\n            height: auto;\r\n            max-width: 100%;\r\n            border: none;\r\n            border-radius: 0;\r\n            box-shadow: none;\r\n            background-position: center 0;\r\n            background-repeat: no-repeat;\r\n            background-size: cover;\r\n            width: 100%;\r\n            height: 100%;\r\n        }\r\n        .etapa-img-container-1 {\r\n            max-width: 100%; \/* Establece el ancho m\u00e1ximo del contenedor de la imagen *\/\r\n            margin: 0 auto; \/* Centra el contenedor de la imagen *\/\r\n            background-position: center 0;\r\n    background-repeat: no-repeat;\r\n    background-size: cover;\r\n        }\r\n\r\n        .etapa-img-container-1 img {\r\n            width: 100%; \/* Establece que la imagen ocupe el 100% del ancho del contenedor *\/\r\n            height: auto; \/* Permite que la altura de la imagen se ajuste autom\u00e1ticamente *\/\r\n            border-radius: 26px;\r\n            background-position: center 0;\r\n    background-repeat: no-repeat;\r\n    background-size: cover;\r\n        }\r\n\r\n\r\n        .texto-img-1{\r\n            left: 20px;\r\n            position: absolute;\r\n            top: 50%;\r\n            z-index: 10;\r\n        }\r\n<\/style>\r\n\r\n <div class=\"etapa-1\">\r\n            <div class=\"etapa-info-slide1-1\">\r\n                <h3>Ruta Orbital<br>Sur, charting<br> future<\/h3>\r\n        \r\n            <\/div>\r\n            <img data-src=\"\/wp-content\/uploads\/2024\/07\/banner-1-opti2x.png\"\r\n                alt=\"Descripci\u00f3n de la imagen\">\r\n        <\/div>\r\n\r\n<script>\r\n    document.addEventListener('DOMContentLoaded', function() {\r\n        const baseURL = window.location.origin;\r\n\r\n        \/\/ Actualizar im\u00e1genes\r\n        document.querySelectorAll('img[data-src]').forEach(img => {\r\n            img.src = baseURL + img.getAttribute('data-src');\r\n        });\r\n\r\n        \/\/ Actualizar botones\r\n        document.querySelectorAll('button[data-url]').forEach(btn => {\r\n            btn.onclick = function() {\r\n                window.location.href = baseURL + btn.getAttribute('data-url');\r\n            };\r\n        });\r\n    });\r\n<\/script>\r\n\t\t<\/div>\n\t\t\t\t<\/div>\n\t\t\t\t<div class=\"elementor-element elementor-element-ce19b47 elementor-hidden-desktop elementor-hidden-mobile elementor-widget elementor-widget-html\" data-id=\"ce19b47\" data-element_type=\"widget\" data-widget_type=\"html.default\">\n\t\t\t\t<div class=\"elementor-widget-container\">\n\t\t\t<style>\r\n@font-face {\r\n    font-family: 'AmsiProo';\r\n    src: url('https:\/\/itvappruta-5cbd4762c36f17c5-endpoint.azureedge.net\/blobitvappruta2a36d94275\/wp-content\/uploads\/2024\/06\/AmsiProNormal-Ultra-1.ttf') format('truetype');\r\n    font-weight: normal;\r\n    font-style: normal;\r\n}\r\n.etapa-1-2 {\r\n            position: relative;\r\n            padding: 0 0px; \/* A\u00f1ade un relleno lateral para mantener el margen *\/\r\n        }\r\n\r\n        .etapa-info-1-2 {\r\n            left: 12%;\r\n            position: absolute;\r\n            top: 32%;\r\n            z-index: 10;\r\n            display: flex;\r\n            flex-direction: column;\r\n            align-items: start;\r\n            gap: 20px;\r\n        }\r\n        .etapa-info-slide1-1-2 {\r\n            left: 43%;\r\n            position: absolute;\r\n            top: 20%;\r\n            \r\n            display: flex;\r\n            flex-direction: column;\r\n            align-items: start;\r\n            gap: 1px;\r\n        }\r\n        .etapa-info-slide2-1-2 {\r\n            left: 10%;\r\n            position: absolute;\r\n            top: 25%;\r\n            z-index: 10;\r\n            display: flex;\r\n            flex-direction: column;\r\n            align-items: start;\r\n            gap: 25px;\r\n        }\r\n\r\n\r\n        .etapa-1-2 h3 {\r\n            font: normal normal normal 60px\/70px AmsiProo;\r\n            letter-spacing: 0px;\r\n            color: #FFFFFF;\r\n            opacity: 1;\r\n            margin: 0;\r\n            line-height: 70px;\r\n        }\r\n\r\n        .elementor-1-2 img {\r\n            height: auto;\r\n            max-width: 100%;\r\n            border: none;\r\n            border-radius: 0;\r\n            box-shadow: none;\r\n            background-position: center 0;\r\n            background-repeat: no-repeat;\r\n            background-size: cover;\r\n            width: 100%;\r\n            height: 100%;\r\n        }\r\n        .etapa-img-container-1-2 {\r\n            max-width: 100%; \/* Establece el ancho m\u00e1ximo del contenedor de la imagen *\/\r\n            margin: 0 auto; \/* Centra el contenedor de la imagen *\/\r\n            background-position: center 0;\r\n    background-repeat: no-repeat;\r\n    background-size: cover;\r\n        }\r\n\r\n        .etapa-img-container-1-2 img {\r\n            width: 100%; \/* Establece que la imagen ocupe el 100% del ancho del contenedor *\/\r\n            height: auto; \/* Permite que la altura de la imagen se ajuste autom\u00e1ticamente *\/\r\n            border-radius: 26px;\r\n            background-position: center 0;\r\n    background-repeat: no-repeat;\r\n    background-size: cover;\r\n        }\r\n\r\n\r\n        .texto-img-1-2{\r\n            left: 20px;\r\n            position: absolute;\r\n            top: 50%;\r\n            z-index: 10;\r\n        }\r\n<\/style>\r\n\r\n <div class=\"etapa-1-2\">\r\n            <div class=\"etapa-info-slide1-1-2\">\r\n                <h3>Ruta Orbital<br>Sur, charting<br> future<\/h3>\r\n        \r\n            <\/div>\r\n            <img data-src=\"\/wp-content\/uploads\/2024\/07\/banner-1-opti2x.png\"\r\n                alt=\"Descripci\u00f3n de la imagen\">\r\n        <\/div>\r\n        \r\n<script>\r\n    document.addEventListener('DOMContentLoaded', function() {\r\n        const baseURL = window.location.origin;\r\n\r\n        \/\/ Actualizar im\u00e1genes\r\n        document.querySelectorAll('img[data-src]').forEach(img => {\r\n            img.src = baseURL + img.getAttribute('data-src');\r\n        });\r\n\r\n        \/\/ Actualizar botones\r\n        document.querySelectorAll('button[data-url]').forEach(btn => {\r\n            btn.onclick = function() {\r\n                window.location.href = baseURL + btn.getAttribute('data-url');\r\n            };\r\n        });\r\n    });\r\n<\/script>\r\n\r\n\t\t<\/div>\n\t\t\t\t<\/div>\n\t\t\t\t<div class=\"elementor-element elementor-element-72cdfb2 elementor-hidden-desktop elementor-hidden-tablet elementor-widget elementor-widget-html\" data-id=\"72cdfb2\" data-element_type=\"widget\" data-widget_type=\"html.default\">\n\t\t\t\t<div class=\"elementor-widget-container\">\n\t\t\t<style>\r\n@font-face {\r\n    font-family: 'AmsiProo';\r\n    src: url('https:\/\/itvappruta-5cbd4762c36f17c5-endpoint.azureedge.net\/blobitvappruta2a36d94275\/wp-content\/uploads\/2024\/06\/AmsiProNormal-Ultra-1.ttf') format('truetype');\r\n    font-weight: normal;\r\n    font-style: normal;\r\n}\r\n.etapa-1-3 {\r\n            position: relative;\r\n            padding: 0 0px; \/* A\u00f1ade un relleno lateral para mantener el margen *\/\r\n        }\r\n\r\n        .etapa-info-1-3 {\r\n            left: 12%;\r\n            position: absolute;\r\n            top: 32%;\r\n            z-index: 10;\r\n            display: flex;\r\n            flex-direction: column;\r\n            align-items: start;\r\n            gap: 20px;\r\n        }\r\n        .etapa-info-slide1-1-3 {\r\n            left: 43%;\r\n            position: absolute;\r\n            top: 15%;\r\n            \r\n            display: flex;\r\n            flex-direction: column;\r\n            align-items: start;\r\n            gap: 1px;\r\n        }\r\n        .etapa-info-slide2-1-3 {\r\n            left: 10%;\r\n            position: absolute;\r\n            top: 25%;\r\n            z-index: 10;\r\n            display: flex;\r\n            flex-direction: column;\r\n            align-items: start;\r\n            gap: 25px;\r\n        }\r\n\r\n\r\n        .etapa-1-3 h3 {\r\n            font: normal normal normal 30px\/70px AmsiProo;\r\n            letter-spacing: 0px;\r\n            color: #FFFFFF;\r\n            opacity: 1;\r\n            margin: 0;\r\n            line-height: 30px;\r\n        }\r\n\r\n        .elementor-1-3 img {\r\n            height: auto;\r\n            max-width: 100%;\r\n            border: none;\r\n            border-radius: 0;\r\n            box-shadow: none;\r\n            background-position: center 0;\r\n            background-repeat: no-repeat;\r\n            background-size: cover;\r\n            width: 100%;\r\n            height: 100%;\r\n        }\r\n        .etapa-img-container-1-3 {\r\n            max-width: 100%; \/* Establece el ancho m\u00e1ximo del contenedor de la imagen *\/\r\n            margin: 0 auto; \/* Centra el contenedor de la imagen *\/\r\n            background-position: center 0;\r\n    background-repeat: no-repeat;\r\n    background-size: cover;\r\n        }\r\n\r\n        .etapa-img-container-1-3 img {\r\n            width: 100%; \/* Establece que la imagen ocupe el 100% del ancho del contenedor *\/\r\n            height: auto; \/* Permite que la altura de la imagen se ajuste autom\u00e1ticamente *\/\r\n            border-radius: 26px;\r\n            background-position: center 0;\r\n    background-repeat: no-repeat;\r\n    background-size: cover;\r\n        }\r\n\r\n\r\n        .texto-img-1-3{\r\n            left: 20px;\r\n            position: absolute;\r\n            top: 50%;\r\n            z-index: 10;\r\n        }\r\n<\/style>\r\n\r\n <div class=\"etapa-1-3\">\r\n            <div class=\"etapa-info-slide1-1-3\">\r\n                <h3>Ruta Orbital<br>Sur, charting<br> future<\/h3>\r\n        \r\n            <\/div>\r\n            <img data-src=\"\/wp-content\/uploads\/2024\/07\/banner-1-opti2x.png\"\r\n                alt=\"Descripci\u00f3n de la imagen\">\r\n        <\/div>\r\n        \r\n<script>\r\n    document.addEventListener('DOMContentLoaded', function() {\r\n        const baseURL = window.location.origin;\r\n\r\n        \/\/ Actualizar im\u00e1genes\r\n        document.querySelectorAll('img[data-src]').forEach(img => {\r\n            img.src = baseURL + img.getAttribute('data-src');\r\n        });\r\n\r\n        \/\/ Actualizar botones\r\n        document.querySelectorAll('button[data-url]').forEach(btn => {\r\n            btn.onclick = function() {\r\n                window.location.href = baseURL + btn.getAttribute('data-url');\r\n            };\r\n        });\r\n    });\r\n<\/script>\r\n\t\t<\/div>\n\t\t\t\t<\/div>\n\t\t\t\t<\/div>\n\t\t<div class=\"elementor-element elementor-element-8bc8a47 e-flex e-con-boxed e-con e-parent\" data-id=\"8bc8a47\" data-element_type=\"container\">\n\t\t\t\t\t<div class=\"e-con-inner\">\n\t\t\t\t<div class=\"elementor-element elementor-element-069eff5 elementor-widget elementor-widget-heading\" data-id=\"069eff5\" data-element_type=\"widget\" data-widget_type=\"heading.default\">\n\t\t\t\t<div class=\"elementor-widget-container\">\n\t\t\t<h2 class=\"elementor-heading-title elementor-size-default\">The project in figures<\/h2>\t\t<\/div>\n\t\t\t\t<\/div>\n\t\t\t\t\t<\/div>\n\t\t\t\t<\/div>\n\t\t<div class=\"elementor-element elementor-element-e16741b e-flex e-con-boxed e-con e-parent\" data-id=\"e16741b\" data-element_type=\"container\">\n\t\t\t\t\t<div class=\"e-con-inner\">\n\t\t<div class=\"elementor-element elementor-element-7ddefac e-con-full e-flex e-con e-child\" data-id=\"7ddefac\" data-element_type=\"container\">\n\t\t\t\t<div class=\"elementor-element elementor-element-1cd9b7b elementor-widget elementor-widget-counter\" data-id=\"1cd9b7b\" data-element_type=\"widget\" data-widget_type=\"counter.default\">\n\t\t\t\t<div class=\"elementor-widget-container\">\n\t\t\t\t\t<div class=\"elementor-counter\">\n\t\t\t\t\t\t<div class=\"elementor-counter-number-wrapper\">\n\t\t\t\t<span class=\"elementor-counter-number-prefix\"><\/span>\n\t\t\t\t<span class=\"elementor-counter-number\" data-duration=\"4000\" data-to-value=\"24\" data-from-value=\"0\" data-delimiter=\",\">0<\/span>\n\t\t\t\t<span class=\"elementor-counter-number-suffix\"><\/span>\n\t\t\t<\/div>\n\t\t<\/div>\n\t\t\t\t<\/div>\n\t\t\t\t<\/div>\n\t\t\t\t<div class=\"elementor-element elementor-element-2917a3c elementor-widget__width-initial elementor-widget elementor-widget-text-editor\" data-id=\"2917a3c\" data-element_type=\"widget\" data-widget_type=\"text-editor.default\">\n\t\t\t\t<div class=\"elementor-widget-container\">\n\t\t\t\t\t\t\t<p>Km in length<\/p>\t\t\t\t\t\t<\/div>\n\t\t\t\t<\/div>\n\t\t\t\t<\/div>\n\t\t<div class=\"elementor-element elementor-element-3b69574 e-con-full e-flex e-con e-child\" data-id=\"3b69574\" data-element_type=\"container\">\n\t\t\t\t<div class=\"elementor-element elementor-element-55e015e elementor-widget elementor-widget-counter\" data-id=\"55e015e\" data-element_type=\"widget\" data-widget_type=\"counter.default\">\n\t\t\t\t<div class=\"elementor-widget-container\">\n\t\t\t\t\t<div class=\"elementor-counter\">\n\t\t\t\t\t\t<div class=\"elementor-counter-number-wrapper\">\n\t\t\t\t<span class=\"elementor-counter-number-prefix\"><\/span>\n\t\t\t\t<span class=\"elementor-counter-number\" data-duration=\"4000\" data-to-value=\"46\" data-from-value=\"0\" data-delimiter=\",\">0<\/span>\n\t\t\t\t<span class=\"elementor-counter-number-suffix\"><\/span>\n\t\t\t<\/div>\n\t\t<\/div>\n\t\t\t\t<\/div>\n\t\t\t\t<\/div>\n\t\t\t\t<div class=\"elementor-element elementor-element-068431f elementor-widget__width-initial elementor-widget elementor-widget-text-editor\" data-id=\"068431f\" data-element_type=\"widget\" data-widget_type=\"text-editor.default\">\n\t\t\t\t<div class=\"elementor-widget-container\">\n\t\t\t\t\t\t\t<p>Lifespan<\/p>\t\t\t\t\t\t<\/div>\n\t\t\t\t<\/div>\n\t\t\t\t<\/div>\n\t\t<div class=\"elementor-element elementor-element-7ae0e6f e-con-full e-flex e-con e-child\" data-id=\"7ae0e6f\" data-element_type=\"container\">\n\t\t\t\t<div class=\"elementor-element elementor-element-2d10053 elementor-widget elementor-widget-counter\" data-id=\"2d10053\" data-element_type=\"widget\" data-widget_type=\"counter.default\">\n\t\t\t\t<div class=\"elementor-widget-container\">\n\t\t\t\t\t<div class=\"elementor-counter\">\n\t\t\t\t\t\t<div class=\"elementor-counter-number-wrapper\">\n\t\t\t\t<span class=\"elementor-counter-number-prefix\"><\/span>\n\t\t\t\t<span class=\"elementor-counter-number\" data-duration=\"3000\" data-to-value=\"3\" data-from-value=\"0\" data-delimiter=\",\">0<\/span>\n\t\t\t\t<span class=\"elementor-counter-number-suffix\"><\/span>\n\t\t\t<\/div>\n\t\t<\/div>\n\t\t\t\t<\/div>\n\t\t\t\t<\/div>\n\t\t\t\t<div class=\"elementor-element elementor-element-668c30e elementor-widget__width-initial elementor-widget elementor-widget-text-editor\" data-id=\"668c30e\" data-element_type=\"widget\" data-widget_type=\"text-editor.default\">\n\t\t\t\t<div class=\"elementor-widget-container\">\n\t\t\t\t\t\t\t<p>Visit the communes of Pe\u00f1aflor, Calera de Tango and San Bernardo<\/p>\t\t\t\t\t\t<\/div>\n\t\t\t\t<\/div>\n\t\t\t\t<\/div>\n\t\t\t\t\t<\/div>\n\t\t\t\t<\/div>\n\t\t<div class=\"elementor-element elementor-element-f3e115a e-flex e-con-boxed e-con e-parent\" data-id=\"f3e115a\" data-element_type=\"container\">\n\t\t\t\t\t<div class=\"e-con-inner\">\n\t\t\t\t<div class=\"elementor-element elementor-element-1195888 elementor-widget elementor-widget-heading\" data-id=\"1195888\" data-element_type=\"widget\" data-widget_type=\"heading.default\">\n\t\t\t\t<div class=\"elementor-widget-container\">\n\t\t\t<h2 class=\"elementor-heading-title elementor-size-default\">Virtual mockup<\/h2>\t\t<\/div>\n\t\t\t\t<\/div>\n\t\t\t\t<div class=\"elementor-element elementor-element-f5ea45c elementor-widget__width-initial elementor-widget elementor-widget-text-editor\" data-id=\"f5ea45c\" data-element_type=\"widget\" data-widget_type=\"text-editor.default\">\n\t\t\t\t<div class=\"elementor-widget-container\">\n\t\t\t\t\t\t\t<p>*<span data-olk-copy-source=\"MessageBody\">Dise\u00f1o referencial<\/span><\/p>\t\t\t\t\t\t<\/div>\n\t\t\t\t<\/div>\n\t\t\t\t\t<\/div>\n\t\t\t\t<\/div>\n\t\t<div class=\"elementor-element elementor-element-a60f0e9 e-flex e-con-boxed e-con e-parent\" data-id=\"a60f0e9\" data-element_type=\"container\">\n\t\t\t\t\t<div class=\"e-con-inner\">\n\t\t\t\t<div class=\"elementor-element elementor-element-18bc271 elementor-widget elementor-widget-html\" data-id=\"18bc271\" data-element_type=\"widget\" data-widget_type=\"html.default\">\n\t\t\t\t<div class=\"elementor-widget-container\">\n\t\t\t<iframe width=\"560\" height=\"715\" src=\"https:\/\/www.youtube-nocookie.com\/embed\/kYl99pl_DLg\" frameborder=\"0\" allow=\"accelerometer; autoplay; encrypted-media; gyroscope; picture-in-picture\" allowfullscreen><\/iframe>\r\n\t\t<\/div>\n\t\t\t\t<\/div>\n\t\t\t\t\t<\/div>\n\t\t\t\t<\/div>\n\t\t\t\t<\/div>","protected":false},"excerpt":{"rendered":"<p>Ruta OrbitalSur, trazando futuro Ruta OrbitalSur, trazando futuro Ruta OrbitalSur, trazando futuro El proyecto en cifras 0 kil\u00f3metros de longitud de la v\u00eda 0 A\u00f1os de duraci\u00f3n del proyecto 0 Recorre las comunas de Pe\u00f1aflor, Calera de Tango y San Bernardo Maqueta virtual *Dise\u00f1o referencial<\/p>","protected":false},"author":1,"featured_media":0,"parent":0,"menu_order":0,"comment_status":"closed","ping_status":"closed","template":"","meta":{"footnotes":""},"class_list":["post-15","page","type-page","status-publish","hentry"],"_links":{"self":[{"href":"https:\/\/rutaorbitalsur.cl\/en\/wp-json\/wp\/v2\/pages\/15","targetHints":{"allow":["GET"]}}],"collection":[{"href":"https:\/\/rutaorbitalsur.cl\/en\/wp-json\/wp\/v2\/pages"}],"about":[{"href":"https:\/\/rutaorbitalsur.cl\/en\/wp-json\/wp\/v2\/types\/page"}],"author":[{"embeddable":true,"href":"https:\/\/rutaorbitalsur.cl\/en\/wp-json\/wp\/v2\/users\/1"}],"replies":[{"embeddable":true,"href":"https:\/\/rutaorbitalsur.cl\/en\/wp-json\/wp\/v2\/comments?post=15"}],"version-history":[{"count":12,"href":"https:\/\/rutaorbitalsur.cl\/en\/wp-json\/wp\/v2\/pages\/15\/revisions"}],"predecessor-version":[{"id":1586,"href":"https:\/\/rutaorbitalsur.cl\/en\/wp-json\/wp\/v2\/pages\/15\/revisions\/1586"}],"wp:attachment":[{"href":"https:\/\/rutaorbitalsur.cl\/en\/wp-json\/wp\/v2\/media?parent=15"}],"curies":[{"name":"wp","href":"https:\/\/api.w.org\/{rel}","templated":true}]}}