{"id":23,"date":"2024-06-12T16:41:52","date_gmt":"2024-06-12T16:41:52","guid":{"rendered":"https:\/\/itv-app-rutaorbitalsur-prd002.azurewebsites.net\/?page_id=23"},"modified":"2024-11-15T18:20:18","modified_gmt":"2024-11-15T18:20:18","slug":"ruta-orbital-sur","status":"publish","type":"page","link":"https:\/\/rutaorbitalsur.cl\/en\/ruta-orbital-sur\/","title":{"rendered":"Ruta Orbital Sur"},"content":{"rendered":"<div data-elementor-type=\"wp-page\" data-elementor-id=\"23\" class=\"elementor elementor-23\" data-elementor-post-type=\"page\">\n\t\t\t\t<div class=\"elementor-element elementor-element-5abb637 e-con-full e-flex e-con e-parent\" data-id=\"5abb637\" data-element_type=\"container\">\n\t\t\t\t<div class=\"elementor-element elementor-element-b010239 elementor-widget__width-initial elementor-widget-tablet__width-initial elementor-widget elementor-widget-heading\" data-id=\"b010239\" data-element_type=\"widget\" data-widget_type=\"heading.default\">\n\t\t\t\t<div class=\"elementor-widget-container\">\n\t\t\t<h2 class=\"elementor-heading-title elementor-size-default\">Ruta Orbital Sur<\/h2>\t\t<\/div>\n\t\t\t\t<\/div>\n\t\t\t\t<div class=\"elementor-element elementor-element-adc9768 elementor-widget elementor-widget-image\" data-id=\"adc9768\" data-element_type=\"widget\" data-widget_type=\"image.default\">\n\t\t\t\t<div class=\"elementor-widget-container\">\n\t\t\t\t\t\t\t\t\t\t\t\t\t<img fetchpriority=\"high\" decoding=\"async\" width=\"2732\" height=\"964\" src=\"\/wp-content\/uploads\/2024\/07\/opti-ruta-orbital-sur@2x-1.png\" class=\"attachment-full size-full wp-image-1270\" alt=\"\" srcset=\"\/wp-content\/uploads\/2024\/07\/opti-ruta-orbital-sur@2x-1.png 2732w, \/wp-content\/uploads\/2024\/07\/opti-ruta-orbital-sur@2x-1-300x106.png 300w, \/wp-content\/uploads\/2024\/07\/opti-ruta-orbital-sur@2x-1-1024x361.png 1024w, \/wp-content\/uploads\/2024\/07\/opti-ruta-orbital-sur@2x-1-768x271.png 768w, \/wp-content\/uploads\/2024\/07\/opti-ruta-orbital-sur@2x-1-1536x542.png 1536w, \/wp-content\/uploads\/2024\/07\/opti-ruta-orbital-sur@2x-1-2048x723.png 2048w, \/wp-content\/uploads\/2024\/07\/opti-ruta-orbital-sur@2x-1-18x6.png 18w\" sizes=\"(max-width: 2732px) 100vw, 2732px\" \/>\t\t\t\t\t\t\t\t\t\t\t\t\t<\/div>\n\t\t\t\t<\/div>\n\t\t\t\t<\/div>\n\t\t<div class=\"elementor-element elementor-element-72013b7 e-flex e-con-boxed e-con e-parent\" data-id=\"72013b7\" data-element_type=\"container\">\n\t\t\t\t\t<div class=\"e-con-inner\">\n\t\t<div class=\"elementor-element elementor-element-261180a e-con-full e-flex e-con e-child\" data-id=\"261180a\" data-element_type=\"container\">\n\t\t\t\t<div class=\"elementor-element elementor-element-1288997 elementor-widget elementor-widget-heading\" data-id=\"1288997\" data-element_type=\"widget\" data-widget_type=\"heading.default\">\n\t\t\t\t<div class=\"elementor-widget-container\">\n\t\t\t<h2 class=\"elementor-heading-title elementor-size-default\">Trazando el Futuro: Concesi\u00f3n Orbital Sur Santiago, el Nuevo Horizonte de ISA V\u00edas<\/h2>\t\t<\/div>\n\t\t\t\t<\/div>\n\t\t\t\t<div class=\"elementor-element elementor-element-2be4725 elementor-widget__width-initial elementor-widget elementor-widget-text-editor\" data-id=\"2be4725\" data-element_type=\"widget\" data-widget_type=\"text-editor.default\">\n\t\t\t\t<div class=\"elementor-widget-container\">\n\t\t\t\t\t\t\t<p>ISA V\u00edas, que cuenta con m\u00e1s de 20 a\u00f1os de experiencia en proyectos APP, present\u00f3 la mejor oferta econ\u00f3mica en la apertura de la licitaci\u00f3n realizada por el Ministerio de Obras P\u00fablicas de Chile (MOP) para el proyecto \u201cConcesi\u00f3n Orbital Sur Santiago\u201d. Se trata del primer proyecto urbano que impulsar\u00e1 ISA, con el que alcanza un total 1.106 kil\u00f3metros de rutas en construcci\u00f3n y operaci\u00f3n en Chile, Colombia y Panam\u00e1.<\/p><p>The project includes the development of a new high-standard highway, which will be part of the second metropolitan road ring and will provide a solution to mobility difficulties in the southern sector of Santiago. It contemplates the execution of a new 24-kilometer urban highway that runs through the communes of Pe\u00f1aflor, Calera de Tango and San Bernardo, and considers the materialization of improvements to local roads to reduce traffic congestion problems.<\/p><p>The project consists of structuring a new west \u2013 east connection, which connects Route 79 (Southern Access to Santiago), Route 5 and Route 78 (Santiago \u2013 San Antonio Highway), which will facilitate mobility in one of the main exits of the capital of the country and whose design includes links on the main routes it crosses, as well as trenches, overpasses, crossings and walkways.<\/p>\t\t\t\t\t\t<\/div>\n\t\t\t\t<\/div>\n\t\t\t\t<\/div>\n\t\t<div class=\"elementor-element elementor-element-e3ad176 e-con-full e-flex e-con e-child\" data-id=\"e3ad176\" data-element_type=\"container\">\n\t\t\t\t<div class=\"elementor-element elementor-element-63b3e94 elementor-widget__width-initial elementor-widget elementor-widget-image\" data-id=\"63b3e94\" data-element_type=\"widget\" data-widget_type=\"image.default\">\n\t\t\t\t<div class=\"elementor-widget-container\">\n\t\t\t\t\t\t\t\t\t\t\t\t\t<img decoding=\"async\" width=\"872\" height=\"800\" src=\"\/wp-content\/uploads\/2024\/07\/Orbital-103-opti@2x.png\" class=\"attachment-full size-full wp-image-1271\" alt=\"\" srcset=\"\/wp-content\/uploads\/2024\/07\/Orbital-103-opti@2x.png 872w, \/wp-content\/uploads\/2024\/07\/Orbital-103-opti@2x-300x275.png 300w, \/wp-content\/uploads\/2024\/07\/Orbital-103-opti@2x-768x705.png 768w, \/wp-content\/uploads\/2024\/07\/Orbital-103-opti@2x-13x12.png 13w\" sizes=\"(max-width: 872px) 100vw, 872px\" \/>\t\t\t\t\t\t\t\t\t\t\t\t\t<\/div>\n\t\t\t\t<\/div>\n\t\t\t\t<div class=\"elementor-element elementor-element-416b377 elementor-widget__width-initial elementor-widget elementor-widget-image\" data-id=\"416b377\" data-element_type=\"widget\" data-widget_type=\"image.default\">\n\t\t\t\t<div class=\"elementor-widget-container\">\n\t\t\t\t\t\t\t\t\t\t\t\t\t<img decoding=\"async\" width=\"800\" height=\"550\" src=\"\/wp-content\/uploads\/2024\/07\/Orbital-112-opti@2x.png\" class=\"attachment-large size-large wp-image-1272\" alt=\"\" srcset=\"\/wp-content\/uploads\/2024\/07\/Orbital-112-opti@2x.png 872w, \/wp-content\/uploads\/2024\/07\/Orbital-112-opti@2x-300x206.png 300w, \/wp-content\/uploads\/2024\/07\/Orbital-112-opti@2x-768x528.png 768w, \/wp-content\/uploads\/2024\/07\/Orbital-112-opti@2x-18x12.png 18w\" sizes=\"(max-width: 800px) 100vw, 800px\" \/>\t\t\t\t\t\t\t\t\t\t\t\t\t<\/div>\n\t\t\t\t<\/div>\n\t\t\t\t<\/div>\n\t\t\t\t\t<\/div>\n\t\t\t\t<\/div>\n\t\t<div class=\"elementor-element elementor-element-ffc6e57 e-con-full e-flex e-con e-parent\" data-id=\"ffc6e57\" data-element_type=\"container\">\n\t\t\t\t<div class=\"elementor-element elementor-element-b2e0f87 elementor-widget elementor-widget-image\" data-id=\"b2e0f87\" data-element_type=\"widget\" data-widget_type=\"image.default\">\n\t\t\t\t<div class=\"elementor-widget-container\">\n\t\t\t\t\t\t\t\t\t\t\t\t\t<img loading=\"lazy\" decoding=\"async\" width=\"2732\" height=\"1444\" src=\"https:\/\/itvappruta-7fd91f4d5a8b907c-endpoint.azureedge.net\/blobitvapprutaf2d9da3d10\/wp-content\/uploads\/2024\/07\/maps@2x.png\" class=\"attachment-full size-full wp-image-1273\" alt=\"\" srcset=\"\" sizes=\"(max-width: 2732px) 100vw, 2732px\" data-srcset=\"\" \/>\t\t\t\t\t\t\t\t\t\t\t\t\t<\/div>\n\t\t\t\t<\/div>\n\t\t\t\t<\/div>\n\t\t<div class=\"elementor-element elementor-element-1392fbd e-flex e-con-boxed e-con e-parent\" data-id=\"1392fbd\" data-element_type=\"container\">\n\t\t\t\t\t<div class=\"e-con-inner\">\n\t\t<div class=\"elementor-element elementor-element-f4e6c86 e-con-full e-flex e-con e-child\" data-id=\"f4e6c86\" data-element_type=\"container\">\n\t\t\t\t<div class=\"elementor-element elementor-element-6bf7c34 elementor-view-default elementor-widget elementor-widget-icon\" data-id=\"6bf7c34\" data-element_type=\"widget\" data-widget_type=\"icon.default\">\n\t\t\t\t<div class=\"elementor-widget-container\">\n\t\t\t\t\t<div class=\"elementor-icon-wrapper\">\n\t\t\t<div class=\"elementor-icon\">\n\t\t\t\t\t\t<\/div>\n\t\t<\/div>\n\t\t\t\t<\/div>\n\t\t\t\t<\/div>\n\t\t\t\t<div class=\"elementor-element elementor-element-7f20c33 elementor-widget__width-initial elementor-widget elementor-widget-text-editor\" data-id=\"7f20c33\" data-element_type=\"widget\" data-widget_type=\"text-editor.default\">\n\t\t\t\t<div class=\"elementor-widget-container\">\n\t\t\t\t\t\t\t<p>* This layout corresponds to a reference preliminary project, the result of the proposal studies developed between 2017 and 2021. Once the concession contract has been awarded, the final engineering project will be developed, where the design may undergo changes.<\/p><p>Communes benefited: (San Bernardo, Calera de Tango and Pe\u00f1aflor)<\/p>\t\t\t\t\t\t<\/div>\n\t\t\t\t<\/div>\n\t\t\t\t<\/div>\n\t\t\t\t\t<\/div>\n\t\t\t\t<\/div>\n\t\t<div class=\"elementor-element elementor-element-6b48a6b e-flex e-con-boxed e-con e-parent\" data-id=\"6b48a6b\" data-element_type=\"container\">\n\t\t\t\t\t<div class=\"e-con-inner\">\n\t\t\t\t<div class=\"elementor-element elementor-element-cdd5676 elementor-widget elementor-widget-heading\" data-id=\"cdd5676\" data-element_type=\"widget\" data-widget_type=\"heading.default\">\n\t\t\t\t<div class=\"elementor-widget-container\">\n\t\t\t<h2 class=\"elementor-heading-title elementor-size-default\">Orbital Sur stages<\/h2>\t\t<\/div>\n\t\t\t\t<\/div>\n\t\t\t\t\t<\/div>\n\t\t\t\t<\/div>\n\t\t<div class=\"elementor-element elementor-element-d328c8e e-flex e-con-boxed e-con e-parent\" data-id=\"d328c8e\" data-element_type=\"container\">\n\t\t\t\t\t<div class=\"e-con-inner\">\n\t\t<div class=\"elementor-element elementor-element-dbcac2f e-flex e-con-boxed e-con e-child\" data-id=\"dbcac2f\" data-element_type=\"container\">\n\t\t\t\t\t<div class=\"e-con-inner\">\n\t\t\t\t<div class=\"elementor-element elementor-element-b9516ed elementor-widget__width-initial elementor-widget-mobile__width-initial elementor-widget elementor-widget-image\" data-id=\"b9516ed\" data-element_type=\"widget\" data-widget_type=\"image.default\">\n\t\t\t\t<div class=\"elementor-widget-container\">\n\t\t\t\t\t\t\t\t\t\t\t\t\t<img decoding=\"async\" src=\"https:\/\/itvappruta-7fd91f4d5a8b907c-endpoint.azureedge.net\/blobitvapprutaf2d9da3d10\/wp-content\/uploads\/2024\/07\/Stage-1-@2x.png\" title=\"\" alt=\"\" loading=\"lazy\" \/>\t\t\t\t\t\t\t\t\t\t\t\t\t<\/div>\n\t\t\t\t<\/div>\n\t\t\t\t<div class=\"elementor-element elementor-element-e658a64 elementor-widget__width-initial elementor-widget-mobile__width-initial elementor-widget elementor-widget-text-editor\" data-id=\"e658a64\" data-element_type=\"widget\" data-widget_type=\"text-editor.default\">\n\t\t\t\t<div class=\"elementor-widget-container\">\n\t\t\t\t\t\t\t<p>Designs will be made, environmental licenses will be obtained, as well as social agreements.<\/p>\t\t\t\t\t\t<\/div>\n\t\t\t\t<\/div>\n\t\t\t\t\t<\/div>\n\t\t\t\t<\/div>\n\t\t<div class=\"elementor-element elementor-element-026cbfc e-flex e-con-boxed e-con e-child\" data-id=\"026cbfc\" data-element_type=\"container\">\n\t\t\t\t\t<div class=\"e-con-inner\">\n\t\t\t\t<div class=\"elementor-element elementor-element-bd06a34 elementor-widget__width-initial elementor-widget elementor-widget-image\" data-id=\"bd06a34\" data-element_type=\"widget\" data-widget_type=\"image.default\">\n\t\t\t\t<div class=\"elementor-widget-container\">\n\t\t\t\t\t\t\t\t\t\t\t\t\t<img decoding=\"async\" src=\"https:\/\/itvappruta-7fd91f4d5a8b907c-endpoint.azureedge.net\/blobitvapprutaf2d9da3d10\/wp-content\/uploads\/2024\/07\/Stage-2@2x.png\" title=\"\" alt=\"\" loading=\"lazy\" \/>\t\t\t\t\t\t\t\t\t\t\t\t\t<\/div>\n\t\t\t\t<\/div>\n\t\t\t\t<div class=\"elementor-element elementor-element-9b65424 elementor-widget__width-initial elementor-widget elementor-widget-text-editor\" data-id=\"9b65424\" data-element_type=\"widget\" data-widget_type=\"text-editor.default\">\n\t\t\t\t<div class=\"elementor-widget-container\">\n\t\t\t\t\t\t\t<p>Works will be carried out to materialize the new road infrastructure that will offer a new east-west connection to the southern sector of Santiago.<\/p>\t\t\t\t\t\t<\/div>\n\t\t\t\t<\/div>\n\t\t\t\t\t<\/div>\n\t\t\t\t<\/div>\n\t\t<div class=\"elementor-element elementor-element-1e5d545 e-flex e-con-boxed e-con e-child\" data-id=\"1e5d545\" data-element_type=\"container\">\n\t\t\t\t\t<div class=\"e-con-inner\">\n\t\t\t\t<div class=\"elementor-element elementor-element-4f241d4 elementor-widget__width-initial elementor-widget elementor-widget-image\" data-id=\"4f241d4\" data-element_type=\"widget\" data-widget_type=\"image.default\">\n\t\t\t\t<div class=\"elementor-widget-container\">\n\t\t\t\t\t\t\t\t\t\t\t\t\t<img decoding=\"async\" src=\"https:\/\/itvappruta-7fd91f4d5a8b907c-endpoint.azureedge.net\/blobitvapprutaf2d9da3d10\/wp-content\/uploads\/2024\/07\/Stage-3@2x.png\" title=\"\" alt=\"\" loading=\"lazy\" \/>\t\t\t\t\t\t\t\t\t\t\t\t\t<\/div>\n\t\t\t\t<\/div>\n\t\t\t\t<div class=\"elementor-element elementor-element-fb26cf5 elementor-widget__width-initial elementor-widget elementor-widget-text-editor\" data-id=\"fb26cf5\" data-element_type=\"widget\" data-widget_type=\"text-editor.default\">\n\t\t\t\t<div class=\"elementor-widget-container\">\n\t\t\t\t\t\t\t<p>This stage begins once the construction of each sector of the project is completed and continues until the concession expires.<\/p>\t\t\t\t\t\t<\/div>\n\t\t\t\t<\/div>\n\t\t\t\t\t<\/div>\n\t\t\t\t<\/div>\n\t\t\t\t\t<\/div>\n\t\t\t\t<\/div>\n\t\t<div class=\"elementor-element elementor-element-3d7fbbf e-flex e-con-boxed e-con e-parent\" data-id=\"3d7fbbf\" data-element_type=\"container\" data-settings=\"{&quot;background_background&quot;:&quot;gradient&quot;}\">\n\t\t\t\t\t<div class=\"e-con-inner\">\n\t\t<div class=\"elementor-element elementor-element-ef91d8e e-con-full e-flex e-con e-child\" data-id=\"ef91d8e\" data-element_type=\"container\">\n\t\t\t\t<div class=\"elementor-element elementor-element-99dbc48 elementor-widget elementor-widget-heading\" data-id=\"99dbc48\" data-element_type=\"widget\" data-widget_type=\"heading.default\">\n\t\t\t\t<div class=\"elementor-widget-container\">\n\t\t\t<h2 class=\"elementor-heading-title elementor-size-default\">BENEFITS<\/h2>\t\t<\/div>\n\t\t\t\t<\/div>\n\t\t\t\t<div class=\"elementor-element elementor-element-db26d6c elementor-widget__width-initial elementor-widget-mobile__width-initial elementor-widget elementor-widget-heading\" data-id=\"db26d6c\" data-element_type=\"widget\" data-widget_type=\"heading.default\">\n\t\t\t\t<div class=\"elementor-widget-container\">\n\t\t\t<h2 class=\"elementor-heading-title elementor-size-default\">Moving towards Efficient and Secure Connectivity<\/h2>\t\t<\/div>\n\t\t\t\t<\/div>\n\t\t\t\t<\/div>\n\t\t<div class=\"elementor-element elementor-element-529cc9b e-con-full e-flex e-con e-child\" data-id=\"529cc9b\" data-element_type=\"container\">\n\t\t\t\t<div class=\"elementor-element elementor-element-88eca3b elementor-widget elementor-widget-image\" data-id=\"88eca3b\" data-element_type=\"widget\" data-widget_type=\"image.default\">\n\t\t\t\t<div class=\"elementor-widget-container\">\n\t\t\t\t\t\t\t\t\t\t\t\t\t<img loading=\"lazy\" decoding=\"async\" width=\"300\" height=\"300\" src=\"\/wp-content\/uploads\/2024\/07\/info-circle@2x-300x300.png\" class=\"attachment-medium size-medium wp-image-1277\" alt=\"\" srcset=\"\/wp-content\/uploads\/2024\/07\/info-circle@2x-300x300.png 300w, \/wp-content\/uploads\/2024\/07\/info-circle@2x-150x150.png 150w, \/wp-content\/uploads\/2024\/07\/info-circle@2x-12x12.png 12w, \/wp-content\/uploads\/2024\/07\/info-circle@2x.png 400w\" sizes=\"(max-width: 300px) 100vw, 300px\" \/>\t\t\t\t\t\t\t\t\t\t\t\t\t<\/div>\n\t\t\t\t<\/div>\n\t\t\t\t<\/div>\n\t\t<div class=\"elementor-element elementor-element-c525d2f e-con-full e-flex e-con e-child\" data-id=\"c525d2f\" data-element_type=\"container\">\n\t\t\t\t<div class=\"elementor-element elementor-element-54c0e13 elementor-widget elementor-widget-text-editor\" data-id=\"54c0e13\" data-element_type=\"widget\" data-widget_type=\"text-editor.default\">\n\t\t\t\t<div class=\"elementor-widget-container\">\n\t\t\t\t\t\t\t<p>\u201cSantiago Orbital Concession\u201d will improve connectivity, reinforce road safety and promote economic and local development, which will positively impact the quality of life of users. Its design includes high-standard infrastructure works, among which is a free flow toll (electronic collection). These works will benefit nearly half a million people, reducing travel times by more than 30 minutes.<\/p>\t\t\t\t\t\t<\/div>\n\t\t\t\t<\/div>\n\t\t\t\t<\/div>\n\t\t\t\t\t<\/div>\n\t\t\t\t<\/div>\n\t\t<div class=\"elementor-element elementor-element-0977730 e-flex e-con-boxed e-con e-parent\" data-id=\"0977730\" data-element_type=\"container\">\n\t\t\t\t\t<div class=\"e-con-inner\">\n\t\t\t\t<div class=\"elementor-element elementor-element-2b88f72 elementor-widget elementor-widget-heading\" data-id=\"2b88f72\" data-element_type=\"widget\" data-widget_type=\"heading.default\">\n\t\t\t\t<div class=\"elementor-widget-container\">\n\t\t\t<h2 class=\"elementor-heading-title elementor-size-default\">Ruta Orbital Sur gallery<\/h2>\t\t<\/div>\n\t\t\t\t<\/div>\n\t\t\t\t\t<\/div>\n\t\t\t\t<\/div>\n\t\t<div class=\"elementor-element elementor-element-fc23f6d e-flex e-con-boxed e-con e-parent\" data-id=\"fc23f6d\" data-element_type=\"container\">\n\t\t\t\t\t<div class=\"e-con-inner\">\n\t\t\t\t<div class=\"elementor-element elementor-element-228f6da elementor-widget elementor-widget-gallery\" data-id=\"228f6da\" data-element_type=\"widget\" data-settings=\"{&quot;columns&quot;:3,&quot;gap&quot;:{&quot;unit&quot;:&quot;px&quot;,&quot;size&quot;:24,&quot;sizes&quot;:[]},&quot;lazyload&quot;:&quot;yes&quot;,&quot;gallery_layout&quot;:&quot;grid&quot;,&quot;columns_tablet&quot;:2,&quot;columns_mobile&quot;:1,&quot;gap_tablet&quot;:{&quot;unit&quot;:&quot;px&quot;,&quot;size&quot;:10,&quot;sizes&quot;:[]},&quot;gap_mobile&quot;:{&quot;unit&quot;:&quot;px&quot;,&quot;size&quot;:10,&quot;sizes&quot;:[]},&quot;link_to&quot;:&quot;file&quot;,&quot;aspect_ratio&quot;:&quot;3:2&quot;,&quot;overlay_background&quot;:&quot;yes&quot;,&quot;content_hover_animation&quot;:&quot;fade-in&quot;}\" data-widget_type=\"gallery.default\">\n\t\t\t\t<div class=\"elementor-widget-container\">\n\t\t\t\t\t<div class=\"elementor-gallery__container\">\n\t\t\t\t\t\t\t<a class=\"e-gallery-item elementor-gallery-item elementor-animated-content\" href=\"\/wp-content\/uploads\/2024\/07\/Orbita-3.jpg\" data-elementor-open-lightbox=\"yes\" data-elementor-lightbox-slideshow=\"228f6da\" data-e-action-hash=\"#elementor-action%3Aaction%3Dlightbox%26settings%3DeyJpZCI6MTI3OCwidXJsIjoiXC93cC1jb250ZW50XC91cGxvYWRzXC8yMDI0XC8wN1wvT3JiaXRhLTMuanBnIiwic2xpZGVzaG93IjoiMjI4ZjZkYSJ9\">\n\t\t\t\t\t<div class=\"e-gallery-image elementor-gallery-item__image\" data-thumbnail=\"\/wp-content\/uploads\/2024\/07\/Orbita-3.jpg\" data-width=\"1200\" data-height=\"802\" aria-label=\"\" role=\"img\" ><\/div>\n\t\t\t\t\t\t\t\t\t\t\t<div class=\"elementor-gallery-item__overlay\"><\/div>\n\t\t\t\t\t\t\t\t\t\t\t\t\t\t<\/a>\n\t\t\t\t\t\t\t<a class=\"e-gallery-item elementor-gallery-item elementor-animated-content\" href=\"\/wp-content\/uploads\/2024\/07\/Orbital-11.jpg\" data-elementor-open-lightbox=\"yes\" data-elementor-lightbox-slideshow=\"228f6da\" data-e-action-hash=\"#elementor-action%3Aaction%3Dlightbox%26settings%3DeyJpZCI6MTI3OSwidXJsIjoiXC93cC1jb250ZW50XC91cGxvYWRzXC8yMDI0XC8wN1wvT3JiaXRhbC0xMS5qcGciLCJzbGlkZXNob3ciOiIyMjhmNmRhIn0%3D\">\n\t\t\t\t\t<div class=\"e-gallery-image elementor-gallery-item__image\" data-thumbnail=\"\/wp-content\/uploads\/2024\/07\/Orbital-11.jpg\" data-width=\"1200\" data-height=\"899\" aria-label=\"\" role=\"img\" ><\/div>\n\t\t\t\t\t\t\t\t\t\t\t<div class=\"elementor-gallery-item__overlay\"><\/div>\n\t\t\t\t\t\t\t\t\t\t\t\t\t\t<\/a>\n\t\t\t\t\t\t\t<a class=\"e-gallery-item elementor-gallery-item elementor-animated-content\" href=\"\/wp-content\/uploads\/2024\/07\/Orbital-21.jpg\" data-elementor-open-lightbox=\"yes\" data-elementor-lightbox-slideshow=\"228f6da\" data-e-action-hash=\"#elementor-action%3Aaction%3Dlightbox%26settings%3DeyJpZCI6MTI4MCwidXJsIjoiXC93cC1jb250ZW50XC91cGxvYWRzXC8yMDI0XC8wN1wvT3JiaXRhbC0yMS5qcGciLCJzbGlkZXNob3ciOiIyMjhmNmRhIn0%3D\">\n\t\t\t\t\t<div class=\"e-gallery-image elementor-gallery-item__image\" data-thumbnail=\"\/wp-content\/uploads\/2024\/07\/Orbital-21.jpg\" data-width=\"1200\" data-height=\"899\" aria-label=\"\" role=\"img\" ><\/div>\n\t\t\t\t\t\t\t\t\t\t\t<div class=\"elementor-gallery-item__overlay\"><\/div>\n\t\t\t\t\t\t\t\t\t\t\t\t\t\t<\/a>\n\t\t\t\t\t\t\t<a class=\"e-gallery-item elementor-gallery-item elementor-animated-content\" href=\"\/wp-content\/uploads\/2024\/07\/Orbital-45.jpg\" data-elementor-open-lightbox=\"yes\" data-elementor-lightbox-slideshow=\"228f6da\" data-e-action-hash=\"#elementor-action%3Aaction%3Dlightbox%26settings%3DeyJpZCI6MTI4MSwidXJsIjoiXC93cC1jb250ZW50XC91cGxvYWRzXC8yMDI0XC8wN1wvT3JiaXRhbC00NS5qcGciLCJzbGlkZXNob3ciOiIyMjhmNmRhIn0%3D\">\n\t\t\t\t\t<div class=\"e-gallery-image elementor-gallery-item__image\" data-thumbnail=\"\/wp-content\/uploads\/2024\/07\/Orbital-45.jpg\" data-width=\"1200\" data-height=\"899\" aria-label=\"\" role=\"img\" ><\/div>\n\t\t\t\t\t\t\t\t\t\t\t<div class=\"elementor-gallery-item__overlay\"><\/div>\n\t\t\t\t\t\t\t\t\t\t\t\t\t\t<\/a>\n\t\t\t\t\t\t\t<a class=\"e-gallery-item elementor-gallery-item elementor-animated-content\" href=\"\/wp-content\/uploads\/2024\/07\/Orbital-91.jpg\" data-elementor-open-lightbox=\"yes\" data-elementor-lightbox-slideshow=\"228f6da\" data-e-action-hash=\"#elementor-action%3Aaction%3Dlightbox%26settings%3DeyJpZCI6MTI4MiwidXJsIjoiXC93cC1jb250ZW50XC91cGxvYWRzXC8yMDI0XC8wN1wvT3JiaXRhbC05MS5qcGciLCJzbGlkZXNob3ciOiIyMjhmNmRhIn0%3D\">\n\t\t\t\t\t<div class=\"e-gallery-image elementor-gallery-item__image\" data-thumbnail=\"\/wp-content\/uploads\/2024\/07\/Orbital-91.jpg\" data-width=\"1200\" data-height=\"899\" aria-label=\"\" role=\"img\" ><\/div>\n\t\t\t\t\t\t\t\t\t\t\t<div class=\"elementor-gallery-item__overlay\"><\/div>\n\t\t\t\t\t\t\t\t\t\t\t\t\t\t<\/a>\n\t\t\t\t\t\t\t<a class=\"e-gallery-item elementor-gallery-item elementor-animated-content\" href=\"\/wp-content\/uploads\/2024\/07\/Orbital-103.jpg\" data-elementor-open-lightbox=\"yes\" data-elementor-lightbox-slideshow=\"228f6da\" data-e-action-hash=\"#elementor-action%3Aaction%3Dlightbox%26settings%3DeyJpZCI6MTI4MywidXJsIjoiXC93cC1jb250ZW50XC91cGxvYWRzXC8yMDI0XC8wN1wvT3JiaXRhbC0xMDMuanBnIiwic2xpZGVzaG93IjoiMjI4ZjZkYSJ9\">\n\t\t\t\t\t<div class=\"e-gallery-image elementor-gallery-item__image\" data-thumbnail=\"\/wp-content\/uploads\/2024\/07\/Orbital-103.jpg\" data-width=\"1200\" data-height=\"834\" aria-label=\"\" role=\"img\" ><\/div>\n\t\t\t\t\t\t\t\t\t\t\t<div class=\"elementor-gallery-item__overlay\"><\/div>\n\t\t\t\t\t\t\t\t\t\t\t\t\t\t<\/a>\n\t\t\t\t\t\t\t<a class=\"e-gallery-item elementor-gallery-item elementor-animated-content\" href=\"\/wp-content\/uploads\/2024\/07\/Orbital-105.jpg\" data-elementor-open-lightbox=\"yes\" data-elementor-lightbox-slideshow=\"228f6da\" data-e-action-hash=\"#elementor-action%3Aaction%3Dlightbox%26settings%3DeyJpZCI6MTI4NCwidXJsIjoiXC93cC1jb250ZW50XC91cGxvYWRzXC8yMDI0XC8wN1wvT3JiaXRhbC0xMDUuanBnIiwic2xpZGVzaG93IjoiMjI4ZjZkYSJ9\">\n\t\t\t\t\t<div class=\"e-gallery-image elementor-gallery-item__image\" data-thumbnail=\"\/wp-content\/uploads\/2024\/07\/Orbital-105.jpg\" data-width=\"1200\" data-height=\"899\" aria-label=\"\" role=\"img\" ><\/div>\n\t\t\t\t\t\t\t\t\t\t\t<div class=\"elementor-gallery-item__overlay\"><\/div>\n\t\t\t\t\t\t\t\t\t\t\t\t\t\t<\/a>\n\t\t\t\t\t\t\t<a class=\"e-gallery-item elementor-gallery-item elementor-animated-content\" href=\"\/wp-content\/uploads\/2024\/07\/Orbital-112.jpg\" data-elementor-open-lightbox=\"yes\" data-elementor-lightbox-slideshow=\"228f6da\" data-e-action-hash=\"#elementor-action%3Aaction%3Dlightbox%26settings%3DeyJpZCI6MTI4NSwidXJsIjoiXC93cC1jb250ZW50XC91cGxvYWRzXC8yMDI0XC8wN1wvT3JiaXRhbC0xMTIuanBnIiwic2xpZGVzaG93IjoiMjI4ZjZkYSJ9\">\n\t\t\t\t\t<div class=\"e-gallery-image elementor-gallery-item__image\" data-thumbnail=\"\/wp-content\/uploads\/2024\/07\/Orbital-112.jpg\" data-width=\"1200\" data-height=\"899\" aria-label=\"\" role=\"img\" ><\/div>\n\t\t\t\t\t\t\t\t\t\t\t<div class=\"elementor-gallery-item__overlay\"><\/div>\n\t\t\t\t\t\t\t\t\t\t\t\t\t\t<\/a>\n\t\t\t\t\t\t\t<a class=\"e-gallery-item elementor-gallery-item elementor-animated-content\" href=\"\/wp-content\/uploads\/2024\/07\/Orbital-119.jpg\" data-elementor-open-lightbox=\"yes\" data-elementor-lightbox-slideshow=\"228f6da\" data-e-action-hash=\"#elementor-action%3Aaction%3Dlightbox%26settings%3DeyJpZCI6MTI4NiwidXJsIjoiXC93cC1jb250ZW50XC91cGxvYWRzXC8yMDI0XC8wN1wvT3JiaXRhbC0xMTkuanBnIiwic2xpZGVzaG93IjoiMjI4ZjZkYSJ9\">\n\t\t\t\t\t<div class=\"e-gallery-image elementor-gallery-item__image\" data-thumbnail=\"\/wp-content\/uploads\/2024\/07\/Orbital-119.jpg\" data-width=\"1200\" data-height=\"899\" aria-label=\"\" role=\"img\" ><\/div>\n\t\t\t\t\t\t\t\t\t\t\t<div class=\"elementor-gallery-item__overlay\"><\/div>\n\t\t\t\t\t\t\t\t\t\t\t\t\t\t<\/a>\n\t\t\t\t\t<\/div>\n\t\t\t<\/div>\n\t\t\t\t<\/div>\n\t\t\t\t\t<\/div>\n\t\t\t\t<\/div>\n\t\t\t\t<\/div>","protected":false},"excerpt":{"rendered":"<p>Ruta Orbital Sur Trazando el Futuro: Concesi\u00f3n Orbital Sur Santiago, el Nuevo Horizonte de ISA V\u00edas ISA V\u00edas, que cuenta con m\u00e1s de 20 a\u00f1os de experiencia en proyectos APP, present\u00f3 la mejor oferta econ\u00f3mica en la apertura de la licitaci\u00f3n realizada por el Ministerio de Obras P\u00fablicas de Chile (MOP) para el proyecto \u201cConcesi\u00f3n [&hellip;]<\/p>","protected":false},"author":1,"featured_media":0,"parent":0,"menu_order":0,"comment_status":"closed","ping_status":"closed","template":"","meta":{"footnotes":""},"class_list":["post-23","page","type-page","status-publish","hentry"],"_links":{"self":[{"href":"https:\/\/rutaorbitalsur.cl\/en\/wp-json\/wp\/v2\/pages\/23","targetHints":{"allow":["GET"]}}],"collection":[{"href":"https:\/\/rutaorbitalsur.cl\/en\/wp-json\/wp\/v2\/pages"}],"about":[{"href":"https:\/\/rutaorbitalsur.cl\/en\/wp-json\/wp\/v2\/types\/page"}],"author":[{"embeddable":true,"href":"https:\/\/rutaorbitalsur.cl\/en\/wp-json\/wp\/v2\/users\/1"}],"replies":[{"embeddable":true,"href":"https:\/\/rutaorbitalsur.cl\/en\/wp-json\/wp\/v2\/comments?post=23"}],"version-history":[{"count":0,"href":"https:\/\/rutaorbitalsur.cl\/en\/wp-json\/wp\/v2\/pages\/23\/revisions"}],"wp:attachment":[{"href":"https:\/\/rutaorbitalsur.cl\/en\/wp-json\/wp\/v2\/media?parent=23"}],"curies":[{"name":"wp","href":"https:\/\/api.w.org\/{rel}","templated":true}]}}